{"id":3960,"date":"2021-02-17T16:31:41","date_gmt":"2021-02-17T15:31:41","guid":{"rendered":"https:\/\/frenchiesglobetrotters.com\/?page_id=3960"},"modified":"2021-02-17T16:33:45","modified_gmt":"2021-02-17T15:33:45","slug":"montagne","status":"publish","type":"page","link":"https:\/\/frenchiesglobetrotters.com\/index.php\/montagne\/","title":{"rendered":"Montagne"},"content":{"rendered":"\t\r\n\t<div id=\"sitka-post-grid-block_602d35758ab36\" class=\"sitka-post-grid \">\r\n\t\t\r\n\t\t\r\n\t\t\t\t\r\n\t\t\t<div class=\"sitka-post-grid-wrap cols-3\">\r\n\t\t\t\t\r\n\t\t\t\t\t\t\t\t\t\r\n\t\t\t\t\t<article id=\"post-3836\" class=\"sitka-block-grid-item\">\r\n\t\t\t\t\t\t\r\n\t\t\t\t\t\t\t\t\t\t\t\t<div class=\"sitka-block-grid-img\">\t\t\t\t\r\n\t\t\t\t\t\t\t<a href=\"https:\/\/frenchiesglobetrotters.com\/index.php\/2021\/02\/15\/10-activites-a-faire-a-la-montagne-cet-hiver\/\"><img loading=\"lazy\" decoding=\"async\" width=\"600\" height=\"460\" src=\"https:\/\/frenchiesglobetrotters.com\/wp-content\/uploads\/2021\/02\/pexels-photo-356808-600x460.jpeg\" class=\"attachment-sitka-grid-post-thumb size-sitka-grid-post-thumb wp-post-image\" alt=\"10 activit\u00e9s \u00e0 faire en montagne\" \/><\/a>\r\n\t\t\t\t\t\t<\/div>\r\n\t\t\t\t\t\t\t\t\t\t\t\t\r\n\t\t\t\t\t\t\t\t\t\t\t\t<div class=\"post-cats\">\r\n\t\t\t\t\t\t\t<a href=\"https:\/\/frenchiesglobetrotters.com\/index.php\/category\/destinations\/\" rel=\"category tag\">Destinations<\/a> <span>\/<\/span> <a href=\"https:\/\/frenchiesglobetrotters.com\/index.php\/category\/destinations\/recits-de-voyage-en-montagne\/\" rel=\"category tag\">Montagne<\/a>\t\t\t\t\t\t<\/div>\r\n\t\t\t\t\t\t\t\t\t\t\t\t\r\n\t\t\t\t\t\t\t\t\t\t\t\t<h2><a href=\"https:\/\/frenchiesglobetrotters.com\/index.php\/2021\/02\/15\/10-activites-a-faire-a-la-montagne-cet-hiver\/\">10 activit\u00e9s \u00e0 faire \u00e0 la montagne cet hiver<\/a><\/h2>\r\n\t\t\t\t\t\t\t\t\t\t\t\t\r\n\t\t\t\t\t\t<p>Vous partez en vacances \u00e0 la montagne cet hiver ? D\u00e9couvrez 10 activit\u00e9s \u00e0\u2026<\/p>\t\t\t\t\t\t\r\n\t\t\t\t\t\t\t\t\t\t\t\t<span class=\"sp-date updated published\">15 f\u00e9vrier 2021<\/span>\r\n\t\t\t\t\t\t\t\t\t\t\t\r\n\t\t\t\t\t<\/article>\r\n\t\t\t\t\t\r\n\t\t\t\t\t\t\t\t\r\n\t\t\t<\/div>\r\n\t\t\t\r\n\t\t\r\n\t<\/div>\r\n\t\r\n    ","protected":false},"excerpt":{"rendered":"","protected":false},"author":1,"featured_media":3966,"parent":0,"menu_order":0,"comment_status":"closed","ping_status":"closed","template":"","meta":{"_monsterinsights_skip_tracking":false,"_monsterinsights_sitenote_active":false,"_monsterinsights_sitenote_note":"","_monsterinsights_sitenote_category":0,"footnotes":""},"class_list":["post-3960","page","type-page","status-publish","has-post-thumbnail","hentry"],"yoast_head":"<!-- This site is optimized with the Yoast SEO plugin v27.4 - https:\/\/yoast.com\/product\/yoast-seo-wordpress\/ -->\n<title>Nos r\u00e9cits de voyage en Montagne - ReachBeyondTravels - Blog Voyage<\/title>\n<meta name=\"description\" content=\"Dans cette cat\u00e9gorie, retrouvez tous les r\u00e9cits de nos voyage en Montagne. Notamment 10 activit\u00e9s \u00e0 faire \u00e0 la montagne cet hiver...\" \/>\n<meta name=\"robots\" content=\"index, follow, max-snippet:-1, max-image-preview:large, max-video-preview:-1\" \/>\n<link rel=\"canonical\" href=\"https:\/\/frenchiesglobetrotters.com\/index.php\/montagne\/\" \/>\n<meta property=\"og:locale\" content=\"fr_FR\" \/>\n<meta property=\"og:type\" content=\"article\" \/>\n<meta property=\"og:title\" content=\"Nos r\u00e9cits de voyage en Montagne - ReachBeyondTravels - Blog Voyage\" \/>\n<meta property=\"og:description\" content=\"Dans cette cat\u00e9gorie, retrouvez tous les r\u00e9cits de nos voyage en Montagne. Notamment 10 activit\u00e9s \u00e0 faire \u00e0 la montagne cet hiver...\" \/>\n<meta property=\"og:url\" content=\"https:\/\/frenchiesglobetrotters.com\/index.php\/montagne\/\" \/>\n<meta property=\"og:site_name\" content=\"ReachBeyondTravels - Blog Voyage\" \/>\n<meta property=\"article:modified_time\" content=\"2021-02-17T15:33:45+00:00\" \/>\n<meta property=\"og:image\" content=\"https:\/\/frenchiesglobetrotters.com\/wp-content\/uploads\/2021\/02\/photo-1611396637337-d43aa721b006.jpeg\" \/>\n\t<meta property=\"og:image:width\" content=\"1567\" \/>\n\t<meta property=\"og:image:height\" content=\"1175\" \/>\n\t<meta property=\"og:image:type\" content=\"image\/jpeg\" \/>\n<meta name=\"twitter:card\" content=\"summary_large_image\" \/>\n<script type=\"application\/ld+json\" class=\"yoast-schema-graph\">{\"@context\":\"https:\\\/\\\/schema.org\",\"@graph\":[{\"@type\":\"WebPage\",\"@id\":\"https:\\\/\\\/frenchiesglobetrotters.com\\\/index.php\\\/montagne\\\/\",\"url\":\"https:\\\/\\\/frenchiesglobetrotters.com\\\/index.php\\\/montagne\\\/\",\"name\":\"Nos r\u00e9cits de voyage en Montagne - ReachBeyondTravels - Blog Voyage\",\"isPartOf\":{\"@id\":\"https:\\\/\\\/frenchiesglobetrotters.com\\\/#website\"},\"primaryImageOfPage\":{\"@id\":\"https:\\\/\\\/frenchiesglobetrotters.com\\\/index.php\\\/montagne\\\/#primaryimage\"},\"image\":{\"@id\":\"https:\\\/\\\/frenchiesglobetrotters.com\\\/index.php\\\/montagne\\\/#primaryimage\"},\"thumbnailUrl\":\"https:\\\/\\\/frenchiesglobetrotters.com\\\/wp-content\\\/uploads\\\/2021\\\/02\\\/photo-1611396637337-d43aa721b006.jpeg\",\"datePublished\":\"2021-02-17T15:31:41+00:00\",\"dateModified\":\"2021-02-17T15:33:45+00:00\",\"description\":\"Dans cette cat\u00e9gorie, retrouvez tous les r\u00e9cits de nos voyage en Montagne. Notamment 10 activit\u00e9s \u00e0 faire \u00e0 la montagne cet hiver...\",\"breadcrumb\":{\"@id\":\"https:\\\/\\\/frenchiesglobetrotters.com\\\/index.php\\\/montagne\\\/#breadcrumb\"},\"inLanguage\":\"fr-FR\",\"potentialAction\":[{\"@type\":\"ReadAction\",\"target\":[\"https:\\\/\\\/frenchiesglobetrotters.com\\\/index.php\\\/montagne\\\/\"]}]},{\"@type\":\"ImageObject\",\"inLanguage\":\"fr-FR\",\"@id\":\"https:\\\/\\\/frenchiesglobetrotters.com\\\/index.php\\\/montagne\\\/#primaryimage\",\"url\":\"https:\\\/\\\/frenchiesglobetrotters.com\\\/wp-content\\\/uploads\\\/2021\\\/02\\\/photo-1611396637337-d43aa721b006.jpeg\",\"contentUrl\":\"https:\\\/\\\/frenchiesglobetrotters.com\\\/wp-content\\\/uploads\\\/2021\\\/02\\\/photo-1611396637337-d43aa721b006.jpeg\",\"width\":1567,\"height\":1175,\"caption\":\"Montagne\"},{\"@type\":\"BreadcrumbList\",\"@id\":\"https:\\\/\\\/frenchiesglobetrotters.com\\\/index.php\\\/montagne\\\/#breadcrumb\",\"itemListElement\":[{\"@type\":\"ListItem\",\"position\":1,\"name\":\"Accueil\",\"item\":\"https:\\\/\\\/frenchiesglobetrotters.com\\\/\"},{\"@type\":\"ListItem\",\"position\":2,\"name\":\"Montagne\"}]},{\"@type\":\"WebSite\",\"@id\":\"https:\\\/\\\/frenchiesglobetrotters.com\\\/#website\",\"url\":\"https:\\\/\\\/frenchiesglobetrotters.com\\\/\",\"name\":\"ReachBeyondTravels\",\"description\":\"Blog Voyage &amp; Inspirations\",\"publisher\":{\"@id\":\"https:\\\/\\\/frenchiesglobetrotters.com\\\/#organization\"},\"potentialAction\":[{\"@type\":\"SearchAction\",\"target\":{\"@type\":\"EntryPoint\",\"urlTemplate\":\"https:\\\/\\\/frenchiesglobetrotters.com\\\/?s={search_term_string}\"},\"query-input\":{\"@type\":\"PropertyValueSpecification\",\"valueRequired\":true,\"valueName\":\"search_term_string\"}}],\"inLanguage\":\"fr-FR\"},{\"@type\":\"Organization\",\"@id\":\"https:\\\/\\\/frenchiesglobetrotters.com\\\/#organization\",\"name\":\"ReachBeyondTravels\",\"url\":\"https:\\\/\\\/frenchiesglobetrotters.com\\\/\",\"logo\":{\"@type\":\"ImageObject\",\"inLanguage\":\"fr-FR\",\"@id\":\"https:\\\/\\\/frenchiesglobetrotters.com\\\/#\\\/schema\\\/logo\\\/image\\\/\",\"url\":\"https:\\\/\\\/frenchiesglobetrotters.com\\\/wp-content\\\/uploads\\\/2025\\\/08\\\/Design-sans-titre.png\",\"contentUrl\":\"https:\\\/\\\/frenchiesglobetrotters.com\\\/wp-content\\\/uploads\\\/2025\\\/08\\\/Design-sans-titre.png\",\"width\":800,\"height\":200,\"caption\":\"ReachBeyondTravels\"},\"image\":{\"@id\":\"https:\\\/\\\/frenchiesglobetrotters.com\\\/#\\\/schema\\\/logo\\\/image\\\/\"},\"sameAs\":[\"https:\\\/\\\/www.instagram.com\\\/srhrbt_\\\/\",\"https:\\\/\\\/www.pinterest.fr\\\/reachbeyondtravels\\\/\"]}]}<\/script>\n<!-- \/ Yoast SEO plugin. -->","yoast_head_json":{"title":"Nos r\u00e9cits de voyage en Montagne - ReachBeyondTravels - Blog Voyage","description":"Dans cette cat\u00e9gorie, retrouvez tous les r\u00e9cits de nos voyage en Montagne. Notamment 10 activit\u00e9s \u00e0 faire \u00e0 la montagne cet hiver...","robots":{"index":"index","follow":"follow","max-snippet":"max-snippet:-1","max-image-preview":"max-image-preview:large","max-video-preview":"max-video-preview:-1"},"canonical":"https:\/\/frenchiesglobetrotters.com\/index.php\/montagne\/","og_locale":"fr_FR","og_type":"article","og_title":"Nos r\u00e9cits de voyage en Montagne - ReachBeyondTravels - Blog Voyage","og_description":"Dans cette cat\u00e9gorie, retrouvez tous les r\u00e9cits de nos voyage en Montagne. Notamment 10 activit\u00e9s \u00e0 faire \u00e0 la montagne cet hiver...","og_url":"https:\/\/frenchiesglobetrotters.com\/index.php\/montagne\/","og_site_name":"ReachBeyondTravels - Blog Voyage","article_modified_time":"2021-02-17T15:33:45+00:00","og_image":[{"width":1567,"height":1175,"url":"https:\/\/frenchiesglobetrotters.com\/wp-content\/uploads\/2021\/02\/photo-1611396637337-d43aa721b006.jpeg","type":"image\/jpeg"}],"twitter_card":"summary_large_image","schema":{"@context":"https:\/\/schema.org","@graph":[{"@type":"WebPage","@id":"https:\/\/frenchiesglobetrotters.com\/index.php\/montagne\/","url":"https:\/\/frenchiesglobetrotters.com\/index.php\/montagne\/","name":"Nos r\u00e9cits de voyage en Montagne - ReachBeyondTravels - Blog Voyage","isPartOf":{"@id":"https:\/\/frenchiesglobetrotters.com\/#website"},"primaryImageOfPage":{"@id":"https:\/\/frenchiesglobetrotters.com\/index.php\/montagne\/#primaryimage"},"image":{"@id":"https:\/\/frenchiesglobetrotters.com\/index.php\/montagne\/#primaryimage"},"thumbnailUrl":"https:\/\/frenchiesglobetrotters.com\/wp-content\/uploads\/2021\/02\/photo-1611396637337-d43aa721b006.jpeg","datePublished":"2021-02-17T15:31:41+00:00","dateModified":"2021-02-17T15:33:45+00:00","description":"Dans cette cat\u00e9gorie, retrouvez tous les r\u00e9cits de nos voyage en Montagne. Notamment 10 activit\u00e9s \u00e0 faire \u00e0 la montagne cet hiver...","breadcrumb":{"@id":"https:\/\/frenchiesglobetrotters.com\/index.php\/montagne\/#breadcrumb"},"inLanguage":"fr-FR","potentialAction":[{"@type":"ReadAction","target":["https:\/\/frenchiesglobetrotters.com\/index.php\/montagne\/"]}]},{"@type":"ImageObject","inLanguage":"fr-FR","@id":"https:\/\/frenchiesglobetrotters.com\/index.php\/montagne\/#primaryimage","url":"https:\/\/frenchiesglobetrotters.com\/wp-content\/uploads\/2021\/02\/photo-1611396637337-d43aa721b006.jpeg","contentUrl":"https:\/\/frenchiesglobetrotters.com\/wp-content\/uploads\/2021\/02\/photo-1611396637337-d43aa721b006.jpeg","width":1567,"height":1175,"caption":"Montagne"},{"@type":"BreadcrumbList","@id":"https:\/\/frenchiesglobetrotters.com\/index.php\/montagne\/#breadcrumb","itemListElement":[{"@type":"ListItem","position":1,"name":"Accueil","item":"https:\/\/frenchiesglobetrotters.com\/"},{"@type":"ListItem","position":2,"name":"Montagne"}]},{"@type":"WebSite","@id":"https:\/\/frenchiesglobetrotters.com\/#website","url":"https:\/\/frenchiesglobetrotters.com\/","name":"ReachBeyondTravels","description":"Blog Voyage &amp; Inspirations","publisher":{"@id":"https:\/\/frenchiesglobetrotters.com\/#organization"},"potentialAction":[{"@type":"SearchAction","target":{"@type":"EntryPoint","urlTemplate":"https:\/\/frenchiesglobetrotters.com\/?s={search_term_string}"},"query-input":{"@type":"PropertyValueSpecification","valueRequired":true,"valueName":"search_term_string"}}],"inLanguage":"fr-FR"},{"@type":"Organization","@id":"https:\/\/frenchiesglobetrotters.com\/#organization","name":"ReachBeyondTravels","url":"https:\/\/frenchiesglobetrotters.com\/","logo":{"@type":"ImageObject","inLanguage":"fr-FR","@id":"https:\/\/frenchiesglobetrotters.com\/#\/schema\/logo\/image\/","url":"https:\/\/frenchiesglobetrotters.com\/wp-content\/uploads\/2025\/08\/Design-sans-titre.png","contentUrl":"https:\/\/frenchiesglobetrotters.com\/wp-content\/uploads\/2025\/08\/Design-sans-titre.png","width":800,"height":200,"caption":"ReachBeyondTravels"},"image":{"@id":"https:\/\/frenchiesglobetrotters.com\/#\/schema\/logo\/image\/"},"sameAs":["https:\/\/www.instagram.com\/srhrbt_\/","https:\/\/www.pinterest.fr\/reachbeyondtravels\/"]}]}},"_links":{"self":[{"href":"https:\/\/frenchiesglobetrotters.com\/index.php\/wp-json\/wp\/v2\/pages\/3960","targetHints":{"allow":["GET"]}}],"collection":[{"href":"https:\/\/frenchiesglobetrotters.com\/index.php\/wp-json\/wp\/v2\/pages"}],"about":[{"href":"https:\/\/frenchiesglobetrotters.com\/index.php\/wp-json\/wp\/v2\/types\/page"}],"author":[{"embeddable":true,"href":"https:\/\/frenchiesglobetrotters.com\/index.php\/wp-json\/wp\/v2\/users\/1"}],"replies":[{"embeddable":true,"href":"https:\/\/frenchiesglobetrotters.com\/index.php\/wp-json\/wp\/v2\/comments?post=3960"}],"version-history":[{"count":4,"href":"https:\/\/frenchiesglobetrotters.com\/index.php\/wp-json\/wp\/v2\/pages\/3960\/revisions"}],"predecessor-version":[{"id":3967,"href":"https:\/\/frenchiesglobetrotters.com\/index.php\/wp-json\/wp\/v2\/pages\/3960\/revisions\/3967"}],"wp:featuredmedia":[{"embeddable":true,"href":"https:\/\/frenchiesglobetrotters.com\/index.php\/wp-json\/wp\/v2\/media\/3966"}],"wp:attachment":[{"href":"https:\/\/frenchiesglobetrotters.com\/index.php\/wp-json\/wp\/v2\/media?parent=3960"}],"curies":[{"name":"wp","href":"https:\/\/api.w.org\/{rel}","templated":true}]}}