{"id":3249,"date":"2021-01-20T00:36:17","date_gmt":"2021-01-19T23:36:17","guid":{"rendered":"https:\/\/frenchiesglobetrotters.fr\/?page_id=3249"},"modified":"2021-01-20T00:43:54","modified_gmt":"2021-01-19T23:43:54","slug":"nos-recits-de-voyage-en-angleterre","status":"publish","type":"page","link":"https:\/\/frenchiesglobetrotters.com\/index.php\/destinations\/nos-recits-de-voyage-en-angleterre\/","title":{"rendered":"Angleterre"},"content":{"rendered":"\n<figure class=\"wp-block-image size-large\"><img loading=\"lazy\" decoding=\"async\" width=\"940\" height=\"788\" src=\"https:\/\/frenchiesglobetrotters.fr\/wp-content\/uploads\/2021\/01\/Publication-Facebook-collage-velo-Tour-de-France-13.png\" alt=\"\" class=\"wp-image-3241\" srcset=\"https:\/\/frenchiesglobetrotters.com\/wp-content\/uploads\/2021\/01\/Publication-Facebook-collage-velo-Tour-de-France-13.png 940w, https:\/\/frenchiesglobetrotters.com\/wp-content\/uploads\/2021\/01\/Publication-Facebook-collage-velo-Tour-de-France-13-300x251.png 300w, https:\/\/frenchiesglobetrotters.com\/wp-content\/uploads\/2021\/01\/Publication-Facebook-collage-velo-Tour-de-France-13-768x644.png 768w, https:\/\/frenchiesglobetrotters.com\/wp-content\/uploads\/2021\/01\/Publication-Facebook-collage-velo-Tour-de-France-13-500x419.png 500w, https:\/\/frenchiesglobetrotters.com\/wp-content\/uploads\/2021\/01\/Publication-Facebook-collage-velo-Tour-de-France-13-800x671.png 800w\" sizes=\"auto, (max-width: 940px) 100vw, 940px\" \/><\/figure>\n\n\n\n<figure class=\"wp-block-gallery columns-2 is-cropped wp-block-gallery-1 is-layout-flex wp-block-gallery-is-layout-flex\"><ul class=\"blocks-gallery-grid\"><li class=\"blocks-gallery-item\"><figure><img loading=\"lazy\" decoding=\"async\" width=\"724\" height=\"1024\" src=\"https:\/\/frenchiesglobetrotters.fr\/wp-content\/uploads\/2021\/01\/envie-de-voyage-11-1-724x1024.jpg\" alt=\"\" data-id=\"3251\" data-full-url=\"https:\/\/frenchiesglobetrotters.fr\/wp-content\/uploads\/2021\/01\/envie-de-voyage-11-1.jpg\" data-link=\"https:\/\/frenchiesglobetrotters.fr\/?attachment_id=3251\" class=\"wp-image-3251\" srcset=\"https:\/\/frenchiesglobetrotters.com\/wp-content\/uploads\/2021\/01\/envie-de-voyage-11-1-724x1024.jpg 724w, https:\/\/frenchiesglobetrotters.com\/wp-content\/uploads\/2021\/01\/envie-de-voyage-11-1-212x300.jpg 212w, https:\/\/frenchiesglobetrotters.com\/wp-content\/uploads\/2021\/01\/envie-de-voyage-11-1-768x1086.jpg 768w, https:\/\/frenchiesglobetrotters.com\/wp-content\/uploads\/2021\/01\/envie-de-voyage-11-1-1086x1536.jpg 1086w, https:\/\/frenchiesglobetrotters.com\/wp-content\/uploads\/2021\/01\/envie-de-voyage-11-1-500x707.jpg 500w, https:\/\/frenchiesglobetrotters.com\/wp-content\/uploads\/2021\/01\/envie-de-voyage-11-1-800x1132.jpg 800w, https:\/\/frenchiesglobetrotters.com\/wp-content\/uploads\/2021\/01\/envie-de-voyage-11-1-1280x1810.jpg 1280w, https:\/\/frenchiesglobetrotters.com\/wp-content\/uploads\/2021\/01\/envie-de-voyage-11-1-1140x1612.jpg 1140w, https:\/\/frenchiesglobetrotters.com\/wp-content\/uploads\/2021\/01\/envie-de-voyage-11-1.jpg 1414w\" sizes=\"auto, (max-width: 724px) 100vw, 724px\" \/><\/figure><\/li><li class=\"blocks-gallery-item\"><figure><img loading=\"lazy\" decoding=\"async\" width=\"724\" height=\"1024\" src=\"https:\/\/frenchiesglobetrotters.fr\/wp-content\/uploads\/2021\/01\/envie-de-voyage-13-724x1024.jpg\" alt=\"\" data-id=\"3259\" data-full-url=\"https:\/\/frenchiesglobetrotters.fr\/wp-content\/uploads\/2021\/01\/envie-de-voyage-13.jpg\" data-link=\"https:\/\/frenchiesglobetrotters.fr\/index.php\/destinations\/nos-recits-de-voyage-en-angleterre\/envie-de-voyage-13\/\" class=\"wp-image-3259\" srcset=\"https:\/\/frenchiesglobetrotters.com\/wp-content\/uploads\/2021\/01\/envie-de-voyage-13-724x1024.jpg 724w, https:\/\/frenchiesglobetrotters.com\/wp-content\/uploads\/2021\/01\/envie-de-voyage-13-212x300.jpg 212w, https:\/\/frenchiesglobetrotters.com\/wp-content\/uploads\/2021\/01\/envie-de-voyage-13-768x1086.jpg 768w, https:\/\/frenchiesglobetrotters.com\/wp-content\/uploads\/2021\/01\/envie-de-voyage-13-1086x1536.jpg 1086w, https:\/\/frenchiesglobetrotters.com\/wp-content\/uploads\/2021\/01\/envie-de-voyage-13-500x707.jpg 500w, https:\/\/frenchiesglobetrotters.com\/wp-content\/uploads\/2021\/01\/envie-de-voyage-13-800x1132.jpg 800w, https:\/\/frenchiesglobetrotters.com\/wp-content\/uploads\/2021\/01\/envie-de-voyage-13-1280x1810.jpg 1280w, https:\/\/frenchiesglobetrotters.com\/wp-content\/uploads\/2021\/01\/envie-de-voyage-13-1140x1612.jpg 1140w, https:\/\/frenchiesglobetrotters.com\/wp-content\/uploads\/2021\/01\/envie-de-voyage-13.jpg 1414w\" sizes=\"auto, (max-width: 724px) 100vw, 724px\" \/><\/figure><\/li><\/ul><\/figure>\n\n\n\t\r\n\t<div id=\"sitka-post-grid-block_60076c3675cb5\" class=\"sitka-post-grid \">\r\n\t\t\r\n\t\t\t\t<div class=\"block-heading-wrap\">\r\n\t\t\t<h5 class=\"block-heading\">Nos r\u00e9cits de voyage en Angleterre \ud83c\udff4\udb40\udc67\udb40\udc62\udb40\udc65\udb40\udc6e\udb40\udc67\udb40\udc7f<\/h5>\r\n\t\t<\/div>\r\n\t\t\r\n\t\t\t\t\r\n\t\t\t<div class=\"sitka-post-grid-wrap cols-3\">\r\n\t\t\t\t\r\n\t\t\t\t\t\t\t\t\t\r\n\t\t\t\t\t<article id=\"post-2163\" class=\"sitka-block-grid-item\">\r\n\t\t\t\t\t\t\r\n\t\t\t\t\t\t\t\t\t\t\t\t<div class=\"sitka-block-grid-img\">\t\t\t\t\r\n\t\t\t\t\t\t\t<a href=\"https:\/\/frenchiesglobetrotters.com\/index.php\/2020\/12\/14\/les-10-incontournables-de-londres\/\"><img loading=\"lazy\" decoding=\"async\" width=\"600\" height=\"460\" src=\"https:\/\/frenchiesglobetrotters.com\/wp-content\/uploads\/2020\/12\/photo-1483972117325-ce4920ff780b-600x460.jpeg\" class=\"attachment-sitka-grid-post-thumb size-sitka-grid-post-thumb wp-post-image\" alt=\"\" \/><\/a>\r\n\t\t\t\t\t\t<\/div>\r\n\t\t\t\t\t\t\t\t\t\t\t\t\r\n\t\t\t\t\t\t\t\t\t\t\t\t\r\n\t\t\t\t\t\t\t\t\t\t\t\t<h2><a href=\"https:\/\/frenchiesglobetrotters.com\/index.php\/2020\/12\/14\/les-10-incontournables-de-londres\/\">Les 10 incontournables de Londres<\/a><\/h2>\r\n\t\t\t\t\t\t\t\t\t\t\t\t\r\n\t\t\t\t\t\t<p>Vous pr\u00e9voyez de partir en week-end \u00e0 Londres ? D\u00e9couvrez les 10 incontournables de\u2026<\/p>\t\t\t\t\t\t\r\n\t\t\t\t\t\t\t\t\t\t\t\r\n\t\t\t\t\t<\/article>\r\n\t\t\t\t\t\r\n\t\t\t\t\t\t\t\t\r\n\t\t\t<\/div>\r\n\t\t\t\r\n\t\t\r\n\t<\/div>\r\n\t\r\n    ","protected":false},"excerpt":{"rendered":"","protected":false},"author":1,"featured_media":3257,"parent":86,"menu_order":0,"comment_status":"closed","ping_status":"closed","template":"","meta":{"_monsterinsights_skip_tracking":false,"_monsterinsights_sitenote_active":false,"_monsterinsights_sitenote_note":"","_monsterinsights_sitenote_category":0,"footnotes":""},"class_list":["post-3249","page","type-page","status-publish","has-post-thumbnail","hentry"],"yoast_head":"<!-- This site is optimized with the Yoast SEO plugin v27.4 - https:\/\/yoast.com\/product\/yoast-seo-wordpress\/ -->\n<title>Nos r\u00e9cits de voyage en Angleterre - Blog voyage - Frenchiesglobetrotters<\/title>\n<meta name=\"description\" content=\"Dans cette cat\u00e9gorie, retrouvez tous les r\u00e9cits de nos voyage en Angleterre. En passant par la c\u00e9l\u00e8bre ville de Londres et bien d&#039;autres...\" \/>\n<meta name=\"robots\" content=\"index, follow, max-snippet:-1, max-image-preview:large, max-video-preview:-1\" \/>\n<link rel=\"canonical\" href=\"https:\/\/frenchiesglobetrotters.com\/index.php\/destinations\/nos-recits-de-voyage-en-angleterre\/\" \/>\n<meta property=\"og:locale\" content=\"fr_FR\" \/>\n<meta property=\"og:type\" content=\"article\" \/>\n<meta property=\"og:title\" content=\"Nos r\u00e9cits de voyage en Angleterre - Blog voyage - Frenchiesglobetrotters\" \/>\n<meta property=\"og:description\" content=\"Dans cette cat\u00e9gorie, retrouvez tous les r\u00e9cits de nos voyage en Angleterre. En passant par la c\u00e9l\u00e8bre ville de Londres et bien d&#039;autres...\" \/>\n<meta property=\"og:url\" content=\"https:\/\/frenchiesglobetrotters.com\/index.php\/destinations\/nos-recits-de-voyage-en-angleterre\/\" \/>\n<meta property=\"og:site_name\" content=\"ReachBeyondTravels - Blog Voyage\" \/>\n<meta property=\"article:modified_time\" content=\"2021-01-19T23:43:54+00:00\" \/>\n<meta property=\"og:image\" content=\"https:\/\/frenchiesglobetrotters.com\/wp-content\/uploads\/2021\/01\/photo-1461906903741-bf21de16ae85.jpeg\" \/>\n\t<meta property=\"og:image:width\" content=\"1950\" \/>\n\t<meta property=\"og:image:height\" content=\"1300\" \/>\n\t<meta property=\"og:image:type\" content=\"image\/jpeg\" \/>\n<meta name=\"twitter:card\" content=\"summary_large_image\" \/>\n<meta name=\"twitter:label1\" content=\"Dur\u00e9e de lecture estim\u00e9e\" \/>\n\t<meta name=\"twitter:data1\" content=\"1 minute\" \/>\n<script type=\"application\/ld+json\" class=\"yoast-schema-graph\">{\"@context\":\"https:\\\/\\\/schema.org\",\"@graph\":[{\"@type\":\"WebPage\",\"@id\":\"https:\\\/\\\/frenchiesglobetrotters.com\\\/index.php\\\/destinations\\\/nos-recits-de-voyage-en-angleterre\\\/\",\"url\":\"https:\\\/\\\/frenchiesglobetrotters.com\\\/index.php\\\/destinations\\\/nos-recits-de-voyage-en-angleterre\\\/\",\"name\":\"Nos r\u00e9cits de voyage en Angleterre - Blog voyage - Frenchiesglobetrotters\",\"isPartOf\":{\"@id\":\"https:\\\/\\\/frenchiesglobetrotters.com\\\/#website\"},\"primaryImageOfPage\":{\"@id\":\"https:\\\/\\\/frenchiesglobetrotters.com\\\/index.php\\\/destinations\\\/nos-recits-de-voyage-en-angleterre\\\/#primaryimage\"},\"image\":{\"@id\":\"https:\\\/\\\/frenchiesglobetrotters.com\\\/index.php\\\/destinations\\\/nos-recits-de-voyage-en-angleterre\\\/#primaryimage\"},\"thumbnailUrl\":\"https:\\\/\\\/frenchiesglobetrotters.com\\\/wp-content\\\/uploads\\\/2021\\\/01\\\/photo-1461906903741-bf21de16ae85.jpeg\",\"datePublished\":\"2021-01-19T23:36:17+00:00\",\"dateModified\":\"2021-01-19T23:43:54+00:00\",\"description\":\"Dans cette cat\u00e9gorie, retrouvez tous les r\u00e9cits de nos voyage en Angleterre. En passant par la c\u00e9l\u00e8bre ville de Londres et bien d'autres...\",\"breadcrumb\":{\"@id\":\"https:\\\/\\\/frenchiesglobetrotters.com\\\/index.php\\\/destinations\\\/nos-recits-de-voyage-en-angleterre\\\/#breadcrumb\"},\"inLanguage\":\"fr-FR\",\"potentialAction\":[{\"@type\":\"ReadAction\",\"target\":[\"https:\\\/\\\/frenchiesglobetrotters.com\\\/index.php\\\/destinations\\\/nos-recits-de-voyage-en-angleterre\\\/\"]}]},{\"@type\":\"ImageObject\",\"inLanguage\":\"fr-FR\",\"@id\":\"https:\\\/\\\/frenchiesglobetrotters.com\\\/index.php\\\/destinations\\\/nos-recits-de-voyage-en-angleterre\\\/#primaryimage\",\"url\":\"https:\\\/\\\/frenchiesglobetrotters.com\\\/wp-content\\\/uploads\\\/2021\\\/01\\\/photo-1461906903741-bf21de16ae85.jpeg\",\"contentUrl\":\"https:\\\/\\\/frenchiesglobetrotters.com\\\/wp-content\\\/uploads\\\/2021\\\/01\\\/photo-1461906903741-bf21de16ae85.jpeg\",\"width\":1950,\"height\":1300,\"caption\":\"Angleterre\"},{\"@type\":\"BreadcrumbList\",\"@id\":\"https:\\\/\\\/frenchiesglobetrotters.com\\\/index.php\\\/destinations\\\/nos-recits-de-voyage-en-angleterre\\\/#breadcrumb\",\"itemListElement\":[{\"@type\":\"ListItem\",\"position\":1,\"name\":\"Accueil\",\"item\":\"https:\\\/\\\/frenchiesglobetrotters.com\\\/\"},{\"@type\":\"ListItem\",\"position\":2,\"name\":\"Destinations\",\"item\":\"https:\\\/\\\/frenchiesglobetrotters.com\\\/index.php\\\/destinations\\\/\"},{\"@type\":\"ListItem\",\"position\":3,\"name\":\"Angleterre\"}]},{\"@type\":\"WebSite\",\"@id\":\"https:\\\/\\\/frenchiesglobetrotters.com\\\/#website\",\"url\":\"https:\\\/\\\/frenchiesglobetrotters.com\\\/\",\"name\":\"ReachBeyondTravels\",\"description\":\"Blog Voyage &amp; Inspirations\",\"publisher\":{\"@id\":\"https:\\\/\\\/frenchiesglobetrotters.com\\\/#organization\"},\"potentialAction\":[{\"@type\":\"SearchAction\",\"target\":{\"@type\":\"EntryPoint\",\"urlTemplate\":\"https:\\\/\\\/frenchiesglobetrotters.com\\\/?s={search_term_string}\"},\"query-input\":{\"@type\":\"PropertyValueSpecification\",\"valueRequired\":true,\"valueName\":\"search_term_string\"}}],\"inLanguage\":\"fr-FR\"},{\"@type\":\"Organization\",\"@id\":\"https:\\\/\\\/frenchiesglobetrotters.com\\\/#organization\",\"name\":\"ReachBeyondTravels\",\"url\":\"https:\\\/\\\/frenchiesglobetrotters.com\\\/\",\"logo\":{\"@type\":\"ImageObject\",\"inLanguage\":\"fr-FR\",\"@id\":\"https:\\\/\\\/frenchiesglobetrotters.com\\\/#\\\/schema\\\/logo\\\/image\\\/\",\"url\":\"https:\\\/\\\/frenchiesglobetrotters.com\\\/wp-content\\\/uploads\\\/2025\\\/08\\\/Design-sans-titre.png\",\"contentUrl\":\"https:\\\/\\\/frenchiesglobetrotters.com\\\/wp-content\\\/uploads\\\/2025\\\/08\\\/Design-sans-titre.png\",\"width\":800,\"height\":200,\"caption\":\"ReachBeyondTravels\"},\"image\":{\"@id\":\"https:\\\/\\\/frenchiesglobetrotters.com\\\/#\\\/schema\\\/logo\\\/image\\\/\"},\"sameAs\":[\"https:\\\/\\\/www.instagram.com\\\/srhrbt_\\\/\",\"https:\\\/\\\/www.pinterest.fr\\\/reachbeyondtravels\\\/\"]}]}<\/script>\n<!-- \/ Yoast SEO plugin. -->","yoast_head_json":{"title":"Nos r\u00e9cits de voyage en Angleterre - Blog voyage - Frenchiesglobetrotters","description":"Dans cette cat\u00e9gorie, retrouvez tous les r\u00e9cits de nos voyage en Angleterre. En passant par la c\u00e9l\u00e8bre ville de Londres et bien d'autres...","robots":{"index":"index","follow":"follow","max-snippet":"max-snippet:-1","max-image-preview":"max-image-preview:large","max-video-preview":"max-video-preview:-1"},"canonical":"https:\/\/frenchiesglobetrotters.com\/index.php\/destinations\/nos-recits-de-voyage-en-angleterre\/","og_locale":"fr_FR","og_type":"article","og_title":"Nos r\u00e9cits de voyage en Angleterre - Blog voyage - Frenchiesglobetrotters","og_description":"Dans cette cat\u00e9gorie, retrouvez tous les r\u00e9cits de nos voyage en Angleterre. En passant par la c\u00e9l\u00e8bre ville de Londres et bien d'autres...","og_url":"https:\/\/frenchiesglobetrotters.com\/index.php\/destinations\/nos-recits-de-voyage-en-angleterre\/","og_site_name":"ReachBeyondTravels - Blog Voyage","article_modified_time":"2021-01-19T23:43:54+00:00","og_image":[{"width":1950,"height":1300,"url":"https:\/\/frenchiesglobetrotters.com\/wp-content\/uploads\/2021\/01\/photo-1461906903741-bf21de16ae85.jpeg","type":"image\/jpeg"}],"twitter_card":"summary_large_image","twitter_misc":{"Dur\u00e9e de lecture estim\u00e9e":"1 minute"},"schema":{"@context":"https:\/\/schema.org","@graph":[{"@type":"WebPage","@id":"https:\/\/frenchiesglobetrotters.com\/index.php\/destinations\/nos-recits-de-voyage-en-angleterre\/","url":"https:\/\/frenchiesglobetrotters.com\/index.php\/destinations\/nos-recits-de-voyage-en-angleterre\/","name":"Nos r\u00e9cits de voyage en Angleterre - Blog voyage - Frenchiesglobetrotters","isPartOf":{"@id":"https:\/\/frenchiesglobetrotters.com\/#website"},"primaryImageOfPage":{"@id":"https:\/\/frenchiesglobetrotters.com\/index.php\/destinations\/nos-recits-de-voyage-en-angleterre\/#primaryimage"},"image":{"@id":"https:\/\/frenchiesglobetrotters.com\/index.php\/destinations\/nos-recits-de-voyage-en-angleterre\/#primaryimage"},"thumbnailUrl":"https:\/\/frenchiesglobetrotters.com\/wp-content\/uploads\/2021\/01\/photo-1461906903741-bf21de16ae85.jpeg","datePublished":"2021-01-19T23:36:17+00:00","dateModified":"2021-01-19T23:43:54+00:00","description":"Dans cette cat\u00e9gorie, retrouvez tous les r\u00e9cits de nos voyage en Angleterre. En passant par la c\u00e9l\u00e8bre ville de Londres et bien d'autres...","breadcrumb":{"@id":"https:\/\/frenchiesglobetrotters.com\/index.php\/destinations\/nos-recits-de-voyage-en-angleterre\/#breadcrumb"},"inLanguage":"fr-FR","potentialAction":[{"@type":"ReadAction","target":["https:\/\/frenchiesglobetrotters.com\/index.php\/destinations\/nos-recits-de-voyage-en-angleterre\/"]}]},{"@type":"ImageObject","inLanguage":"fr-FR","@id":"https:\/\/frenchiesglobetrotters.com\/index.php\/destinations\/nos-recits-de-voyage-en-angleterre\/#primaryimage","url":"https:\/\/frenchiesglobetrotters.com\/wp-content\/uploads\/2021\/01\/photo-1461906903741-bf21de16ae85.jpeg","contentUrl":"https:\/\/frenchiesglobetrotters.com\/wp-content\/uploads\/2021\/01\/photo-1461906903741-bf21de16ae85.jpeg","width":1950,"height":1300,"caption":"Angleterre"},{"@type":"BreadcrumbList","@id":"https:\/\/frenchiesglobetrotters.com\/index.php\/destinations\/nos-recits-de-voyage-en-angleterre\/#breadcrumb","itemListElement":[{"@type":"ListItem","position":1,"name":"Accueil","item":"https:\/\/frenchiesglobetrotters.com\/"},{"@type":"ListItem","position":2,"name":"Destinations","item":"https:\/\/frenchiesglobetrotters.com\/index.php\/destinations\/"},{"@type":"ListItem","position":3,"name":"Angleterre"}]},{"@type":"WebSite","@id":"https:\/\/frenchiesglobetrotters.com\/#website","url":"https:\/\/frenchiesglobetrotters.com\/","name":"ReachBeyondTravels","description":"Blog Voyage &amp; Inspirations","publisher":{"@id":"https:\/\/frenchiesglobetrotters.com\/#organization"},"potentialAction":[{"@type":"SearchAction","target":{"@type":"EntryPoint","urlTemplate":"https:\/\/frenchiesglobetrotters.com\/?s={search_term_string}"},"query-input":{"@type":"PropertyValueSpecification","valueRequired":true,"valueName":"search_term_string"}}],"inLanguage":"fr-FR"},{"@type":"Organization","@id":"https:\/\/frenchiesglobetrotters.com\/#organization","name":"ReachBeyondTravels","url":"https:\/\/frenchiesglobetrotters.com\/","logo":{"@type":"ImageObject","inLanguage":"fr-FR","@id":"https:\/\/frenchiesglobetrotters.com\/#\/schema\/logo\/image\/","url":"https:\/\/frenchiesglobetrotters.com\/wp-content\/uploads\/2025\/08\/Design-sans-titre.png","contentUrl":"https:\/\/frenchiesglobetrotters.com\/wp-content\/uploads\/2025\/08\/Design-sans-titre.png","width":800,"height":200,"caption":"ReachBeyondTravels"},"image":{"@id":"https:\/\/frenchiesglobetrotters.com\/#\/schema\/logo\/image\/"},"sameAs":["https:\/\/www.instagram.com\/srhrbt_\/","https:\/\/www.pinterest.fr\/reachbeyondtravels\/"]}]}},"_links":{"self":[{"href":"https:\/\/frenchiesglobetrotters.com\/index.php\/wp-json\/wp\/v2\/pages\/3249","targetHints":{"allow":["GET"]}}],"collection":[{"href":"https:\/\/frenchiesglobetrotters.com\/index.php\/wp-json\/wp\/v2\/pages"}],"about":[{"href":"https:\/\/frenchiesglobetrotters.com\/index.php\/wp-json\/wp\/v2\/types\/page"}],"author":[{"embeddable":true,"href":"https:\/\/frenchiesglobetrotters.com\/index.php\/wp-json\/wp\/v2\/users\/1"}],"replies":[{"embeddable":true,"href":"https:\/\/frenchiesglobetrotters.com\/index.php\/wp-json\/wp\/v2\/comments?post=3249"}],"version-history":[{"count":6,"href":"https:\/\/frenchiesglobetrotters.com\/index.php\/wp-json\/wp\/v2\/pages\/3249\/revisions"}],"predecessor-version":[{"id":3262,"href":"https:\/\/frenchiesglobetrotters.com\/index.php\/wp-json\/wp\/v2\/pages\/3249\/revisions\/3262"}],"up":[{"embeddable":true,"href":"https:\/\/frenchiesglobetrotters.com\/index.php\/wp-json\/wp\/v2\/pages\/86"}],"wp:featuredmedia":[{"embeddable":true,"href":"https:\/\/frenchiesglobetrotters.com\/index.php\/wp-json\/wp\/v2\/media\/3257"}],"wp:attachment":[{"href":"https:\/\/frenchiesglobetrotters.com\/index.php\/wp-json\/wp\/v2\/media?parent=3249"}],"curies":[{"name":"wp","href":"https:\/\/api.w.org\/{rel}","templated":true}]}}