{"id":3187,"date":"2021-01-19T23:38:08","date_gmt":"2021-01-19T22:38:08","guid":{"rendered":"https:\/\/frenchiesglobetrotters.fr\/?page_id=3187"},"modified":"2021-04-10T22:53:23","modified_gmt":"2021-04-10T20:53:23","slug":"nos-recits-de-voyage-en-italie","status":"publish","type":"page","link":"https:\/\/frenchiesglobetrotters.com\/index.php\/destinations\/nos-recits-de-voyage-en-italie\/","title":{"rendered":"Italie"},"content":{"rendered":"\n<div class=\"wp-block-image\"><figure class=\"aligncenter size-large\"><img loading=\"lazy\" decoding=\"async\" width=\"940\" height=\"788\" src=\"https:\/\/frenchiesglobetrotters.fr\/wp-content\/uploads\/2021\/01\/Publication-Facebook-collage-velo-Tour-de-France-10.png\" alt=\"\" class=\"wp-image-3226\" srcset=\"https:\/\/frenchiesglobetrotters.com\/wp-content\/uploads\/2021\/01\/Publication-Facebook-collage-velo-Tour-de-France-10.png 940w, https:\/\/frenchiesglobetrotters.com\/wp-content\/uploads\/2021\/01\/Publication-Facebook-collage-velo-Tour-de-France-10-300x251.png 300w, https:\/\/frenchiesglobetrotters.com\/wp-content\/uploads\/2021\/01\/Publication-Facebook-collage-velo-Tour-de-France-10-768x644.png 768w, https:\/\/frenchiesglobetrotters.com\/wp-content\/uploads\/2021\/01\/Publication-Facebook-collage-velo-Tour-de-France-10-500x419.png 500w, https:\/\/frenchiesglobetrotters.com\/wp-content\/uploads\/2021\/01\/Publication-Facebook-collage-velo-Tour-de-France-10-800x671.png 800w\" sizes=\"auto, (max-width: 940px) 100vw, 940px\" \/><\/figure><\/div>\n\n\n\n<figure class=\"wp-block-gallery columns-2 is-cropped wp-block-gallery-1 is-layout-flex wp-block-gallery-is-layout-flex\"><ul class=\"blocks-gallery-grid\"><li class=\"blocks-gallery-item\"><figure><img loading=\"lazy\" decoding=\"async\" width=\"724\" height=\"1024\" src=\"https:\/\/frenchiesglobetrotters.fr\/wp-content\/uploads\/2021\/01\/envie-de-voyage-10-724x1024.jpg\" alt=\"\" data-id=\"3231\" data-full-url=\"https:\/\/frenchiesglobetrotters.fr\/wp-content\/uploads\/2021\/01\/envie-de-voyage-10.jpg\" data-link=\"https:\/\/frenchiesglobetrotters.fr\/?attachment_id=3231\" class=\"wp-image-3231\" srcset=\"https:\/\/frenchiesglobetrotters.com\/wp-content\/uploads\/2021\/01\/envie-de-voyage-10-724x1024.jpg 724w, https:\/\/frenchiesglobetrotters.com\/wp-content\/uploads\/2021\/01\/envie-de-voyage-10-212x300.jpg 212w, https:\/\/frenchiesglobetrotters.com\/wp-content\/uploads\/2021\/01\/envie-de-voyage-10-768x1086.jpg 768w, https:\/\/frenchiesglobetrotters.com\/wp-content\/uploads\/2021\/01\/envie-de-voyage-10-1086x1536.jpg 1086w, https:\/\/frenchiesglobetrotters.com\/wp-content\/uploads\/2021\/01\/envie-de-voyage-10-500x707.jpg 500w, https:\/\/frenchiesglobetrotters.com\/wp-content\/uploads\/2021\/01\/envie-de-voyage-10-800x1132.jpg 800w, https:\/\/frenchiesglobetrotters.com\/wp-content\/uploads\/2021\/01\/envie-de-voyage-10-1280x1810.jpg 1280w, https:\/\/frenchiesglobetrotters.com\/wp-content\/uploads\/2021\/01\/envie-de-voyage-10-1140x1612.jpg 1140w, https:\/\/frenchiesglobetrotters.com\/wp-content\/uploads\/2021\/01\/envie-de-voyage-10.jpg 1414w\" sizes=\"auto, (max-width: 724px) 100vw, 724px\" \/><\/figure><\/li><li class=\"blocks-gallery-item\"><figure><img loading=\"lazy\" decoding=\"async\" width=\"724\" height=\"1024\" src=\"https:\/\/frenchiesglobetrotters.fr\/wp-content\/uploads\/2021\/01\/envie-de-voyage-9-1-724x1024.jpg\" alt=\"\" data-id=\"3232\" data-full-url=\"https:\/\/frenchiesglobetrotters.fr\/wp-content\/uploads\/2021\/01\/envie-de-voyage-9-1.jpg\" data-link=\"https:\/\/frenchiesglobetrotters.fr\/?attachment_id=3232\" class=\"wp-image-3232\" srcset=\"https:\/\/frenchiesglobetrotters.com\/wp-content\/uploads\/2021\/01\/envie-de-voyage-9-1-724x1024.jpg 724w, https:\/\/frenchiesglobetrotters.com\/wp-content\/uploads\/2021\/01\/envie-de-voyage-9-1-212x300.jpg 212w, https:\/\/frenchiesglobetrotters.com\/wp-content\/uploads\/2021\/01\/envie-de-voyage-9-1-768x1086.jpg 768w, https:\/\/frenchiesglobetrotters.com\/wp-content\/uploads\/2021\/01\/envie-de-voyage-9-1-1086x1536.jpg 1086w, https:\/\/frenchiesglobetrotters.com\/wp-content\/uploads\/2021\/01\/envie-de-voyage-9-1-500x707.jpg 500w, https:\/\/frenchiesglobetrotters.com\/wp-content\/uploads\/2021\/01\/envie-de-voyage-9-1-800x1132.jpg 800w, https:\/\/frenchiesglobetrotters.com\/wp-content\/uploads\/2021\/01\/envie-de-voyage-9-1-1280x1810.jpg 1280w, https:\/\/frenchiesglobetrotters.com\/wp-content\/uploads\/2021\/01\/envie-de-voyage-9-1-1140x1612.jpg 1140w, https:\/\/frenchiesglobetrotters.com\/wp-content\/uploads\/2021\/01\/envie-de-voyage-9-1.jpg 1414w\" sizes=\"auto, (max-width: 724px) 100vw, 724px\" \/><\/figure><\/li><\/ul><\/figure>\n\n\n\t\r\n\t<div id=\"sitka-post-grid-block_60075f0a12733\" class=\"sitka-post-grid \">\r\n\t\t\r\n\t\t\t\t<div class=\"block-heading-wrap\">\r\n\t\t\t<h5 class=\"block-heading\">Nos r\u00e9cits de voyage en Italie \ud83c\uddee\ud83c\uddf9<\/h5>\r\n\t\t<\/div>\r\n\t\t\r\n\t\t\t\t\r\n\t\t\t<div class=\"sitka-post-grid-wrap cols-3\">\r\n\t\t\t\t\r\n\t\t\t\t\t\t\t\t\t\r\n\t\t\t\t\t<article id=\"post-4065\" class=\"sitka-block-grid-item\">\r\n\t\t\t\t\t\t\r\n\t\t\t\t\t\t\t\t\t\t\t\t<div class=\"sitka-block-grid-img\">\t\t\t\t\r\n\t\t\t\t\t\t\t<a href=\"https:\/\/frenchiesglobetrotters.com\/index.php\/2021\/03\/08\/les-meilleurs-spots-photo-de-venise\/\"><img loading=\"lazy\" decoding=\"async\" width=\"600\" height=\"460\" src=\"https:\/\/frenchiesglobetrotters.com\/wp-content\/uploads\/2021\/03\/pexels-photo-1796736-600x460.jpeg\" class=\"attachment-sitka-grid-post-thumb size-sitka-grid-post-thumb wp-post-image\" alt=\"Les 10 meilleurs spots photos de Venise\" \/><\/a>\r\n\t\t\t\t\t\t<\/div>\r\n\t\t\t\t\t\t\t\t\t\t\t\t\r\n\t\t\t\t\t\t\t\t\t\t\t\t<div class=\"post-cats\">\r\n\t\t\t\t\t\t\t<a href=\"https:\/\/frenchiesglobetrotters.com\/index.php\/category\/destinations\/\" rel=\"category tag\">Destinations<\/a> <span>\/<\/span> <a href=\"https:\/\/frenchiesglobetrotters.com\/index.php\/category\/italie\/\" rel=\"category tag\">Italie<\/a>\t\t\t\t\t\t<\/div>\r\n\t\t\t\t\t\t\t\t\t\t\t\t\r\n\t\t\t\t\t\t\t\t\t\t\t\t<h2><a href=\"https:\/\/frenchiesglobetrotters.com\/index.php\/2021\/03\/08\/les-meilleurs-spots-photo-de-venise\/\">Les meilleurs spots photo de Venise<\/a><\/h2>\r\n\t\t\t\t\t\t\t\t\t\t\t\t\r\n\t\t\t\t\t\t<p>Ce guide utile vous montrera exactement o\u00f9 trouver les meilleurs spots photo de Venise.<\/p>\t\t\t\t\t\t\r\n\t\t\t\t\t\t\t\t\t\t\t\t<span class=\"sp-date updated published\">8 mars 2021<\/span>\r\n\t\t\t\t\t\t\t\t\t\t\t\r\n\t\t\t\t\t<\/article>\r\n\t\t\t\t\t\r\n\t\t\t\t\t\t\t\t\t\r\n\t\t\t\t\t<article id=\"post-1917\" class=\"sitka-block-grid-item\">\r\n\t\t\t\t\t\t\r\n\t\t\t\t\t\t\t\t\t\t\t\t<div class=\"sitka-block-grid-img\">\t\t\t\t\r\n\t\t\t\t\t\t\t<a href=\"https:\/\/frenchiesglobetrotters.com\/index.php\/2020\/12\/07\/visiter-verone-en-un-jour\/\"><img loading=\"lazy\" decoding=\"async\" width=\"600\" height=\"460\" src=\"https:\/\/frenchiesglobetrotters.com\/wp-content\/uploads\/2020\/12\/pexels-photo-851632-600x460.jpeg\" class=\"attachment-sitka-grid-post-thumb size-sitka-grid-post-thumb wp-post-image\" alt=\"\" \/><\/a>\r\n\t\t\t\t\t\t<\/div>\r\n\t\t\t\t\t\t\t\t\t\t\t\t\r\n\t\t\t\t\t\t\t\t\t\t\t\t<div class=\"post-cats\">\r\n\t\t\t\t\t\t\t<a href=\"https:\/\/frenchiesglobetrotters.com\/index.php\/category\/destinations\/\" rel=\"category tag\">Destinations<\/a> <span>\/<\/span> <a href=\"https:\/\/frenchiesglobetrotters.com\/index.php\/category\/italie\/\" rel=\"category tag\">Italie<\/a>\t\t\t\t\t\t<\/div>\r\n\t\t\t\t\t\t\t\t\t\t\t\t\r\n\t\t\t\t\t\t\t\t\t\t\t\t<h2><a href=\"https:\/\/frenchiesglobetrotters.com\/index.php\/2020\/12\/07\/visiter-verone-en-un-jour\/\">Visiter V\u00e9rone en un jour<\/a><\/h2>\r\n\t\t\t\t\t\t\t\t\t\t\t\t\r\n\t\t\t\t\t\t<p>V\u00e9rone en un jour, que voir ? Que faire ? D\u00e9couvrez nos meilleurs adresses\u2026<\/p>\t\t\t\t\t\t\r\n\t\t\t\t\t\t\t\t\t\t\t\t<span class=\"sp-date updated published\">7 d\u00e9cembre 2020<\/span>\r\n\t\t\t\t\t\t\t\t\t\t\t\r\n\t\t\t\t\t<\/article>\r\n\t\t\t\t\t\r\n\t\t\t\t\t\t\t\t\t\r\n\t\t\t\t\t<article id=\"post-1\" class=\"sitka-block-grid-item\">\r\n\t\t\t\t\t\t\r\n\t\t\t\t\t\t\t\t\t\t\t\t<div class=\"sitka-block-grid-img\">\t\t\t\t\r\n\t\t\t\t\t\t\t<a href=\"https:\/\/frenchiesglobetrotters.com\/index.php\/2020\/11\/30\/un-long-week-end-de-3-jours-a-venise\/\"><img loading=\"lazy\" decoding=\"async\" width=\"600\" height=\"460\" src=\"https:\/\/frenchiesglobetrotters.com\/wp-content\/uploads\/2020\/11\/pexels-photo-804954-600x460.jpeg\" class=\"attachment-sitka-grid-post-thumb size-sitka-grid-post-thumb wp-post-image\" alt=\"\" \/><\/a>\r\n\t\t\t\t\t\t<\/div>\r\n\t\t\t\t\t\t\t\t\t\t\t\t\r\n\t\t\t\t\t\t\t\t\t\t\t\t<div class=\"post-cats\">\r\n\t\t\t\t\t\t\t<a href=\"https:\/\/frenchiesglobetrotters.com\/index.php\/category\/destinations\/\" rel=\"category tag\">Destinations<\/a> <span>\/<\/span> <a href=\"https:\/\/frenchiesglobetrotters.com\/index.php\/category\/italie\/\" rel=\"category tag\">Italie<\/a>\t\t\t\t\t\t<\/div>\r\n\t\t\t\t\t\t\t\t\t\t\t\t\r\n\t\t\t\t\t\t\t\t\t\t\t\t<h2><a href=\"https:\/\/frenchiesglobetrotters.com\/index.php\/2020\/11\/30\/un-long-week-end-de-3-jours-a-venise\/\">Un long week-end \u00e0 Venise<\/a><\/h2>\r\n\t\t\t\t\t\t\t\t\t\t\t\t\r\n\t\t\t\t\t\t<p>D\u00e9couvrez \u00e0 travers notre article, comment organiser votre long week-end de 3 jours \u00e0\u2026<\/p>\t\t\t\t\t\t\r\n\t\t\t\t\t\t\t\t\t\t\t\t<span class=\"sp-date updated published\">30 novembre 2020<\/span>\r\n\t\t\t\t\t\t\t\t\t\t\t\r\n\t\t\t\t\t<\/article>\r\n\t\t\t\t\t\r\n\t\t\t\t\t\t\t\t\r\n\t\t\t<\/div>\r\n\t\t\t\r\n\t\t\r\n\t<\/div>\r\n\t\r\n    ","protected":false},"excerpt":{"rendered":"","protected":false},"author":1,"featured_media":3191,"parent":86,"menu_order":0,"comment_status":"closed","ping_status":"closed","template":"","meta":{"_monsterinsights_skip_tracking":false,"_monsterinsights_sitenote_active":false,"_monsterinsights_sitenote_note":"","_monsterinsights_sitenote_category":0,"footnotes":""},"class_list":["post-3187","page","type-page","status-publish","has-post-thumbnail","hentry"],"yoast_head":"<!-- This site is optimized with the Yoast SEO plugin v27.4 - https:\/\/yoast.com\/product\/yoast-seo-wordpress\/ -->\n<title>Nos r\u00e9cits de voyage en Italie - ReachBeyondTravels - Blog Voyage<\/title>\n<meta name=\"description\" content=\"Retrouvez dans cette cat\u00e9gorie, tous les r\u00e9cits de nos voyage en Italie. Venise, V\u00e9rone... Embarquez pour d\u00e9couvrir ce beau pays.\" \/>\n<meta name=\"robots\" content=\"index, follow, max-snippet:-1, max-image-preview:large, max-video-preview:-1\" \/>\n<link rel=\"canonical\" href=\"https:\/\/frenchiesglobetrotters.com\/index.php\/destinations\/nos-recits-de-voyage-en-italie\/\" \/>\n<meta property=\"og:locale\" content=\"fr_FR\" \/>\n<meta property=\"og:type\" content=\"article\" \/>\n<meta property=\"og:title\" content=\"Nos r\u00e9cits de voyage en Italie - ReachBeyondTravels - Blog Voyage\" \/>\n<meta property=\"og:description\" content=\"Retrouvez dans cette cat\u00e9gorie, tous les r\u00e9cits de nos voyage en Italie. Venise, V\u00e9rone... Embarquez pour d\u00e9couvrir ce beau pays.\" \/>\n<meta property=\"og:url\" content=\"https:\/\/frenchiesglobetrotters.com\/index.php\/destinations\/nos-recits-de-voyage-en-italie\/\" \/>\n<meta property=\"og:site_name\" content=\"ReachBeyondTravels - Blog Voyage\" \/>\n<meta property=\"article:modified_time\" content=\"2021-04-10T20:53:23+00:00\" \/>\n<meta property=\"og:image\" content=\"https:\/\/frenchiesglobetrotters.com\/wp-content\/uploads\/2021\/01\/pexels-photo-1797121.jpeg\" \/>\n\t<meta property=\"og:image:width\" content=\"2520\" \/>\n\t<meta property=\"og:image:height\" content=\"1418\" \/>\n\t<meta property=\"og:image:type\" content=\"image\/jpeg\" \/>\n<meta name=\"twitter:card\" content=\"summary_large_image\" \/>\n<meta name=\"twitter:label1\" content=\"Dur\u00e9e de lecture estim\u00e9e\" \/>\n\t<meta name=\"twitter:data1\" content=\"1 minute\" \/>\n<script type=\"application\/ld+json\" class=\"yoast-schema-graph\">{\"@context\":\"https:\\\/\\\/schema.org\",\"@graph\":[{\"@type\":\"WebPage\",\"@id\":\"https:\\\/\\\/frenchiesglobetrotters.com\\\/index.php\\\/destinations\\\/nos-recits-de-voyage-en-italie\\\/\",\"url\":\"https:\\\/\\\/frenchiesglobetrotters.com\\\/index.php\\\/destinations\\\/nos-recits-de-voyage-en-italie\\\/\",\"name\":\"Nos r\u00e9cits de voyage en Italie - ReachBeyondTravels - Blog Voyage\",\"isPartOf\":{\"@id\":\"https:\\\/\\\/frenchiesglobetrotters.com\\\/#website\"},\"primaryImageOfPage\":{\"@id\":\"https:\\\/\\\/frenchiesglobetrotters.com\\\/index.php\\\/destinations\\\/nos-recits-de-voyage-en-italie\\\/#primaryimage\"},\"image\":{\"@id\":\"https:\\\/\\\/frenchiesglobetrotters.com\\\/index.php\\\/destinations\\\/nos-recits-de-voyage-en-italie\\\/#primaryimage\"},\"thumbnailUrl\":\"https:\\\/\\\/frenchiesglobetrotters.com\\\/wp-content\\\/uploads\\\/2021\\\/01\\\/pexels-photo-1797121.jpeg\",\"datePublished\":\"2021-01-19T22:38:08+00:00\",\"dateModified\":\"2021-04-10T20:53:23+00:00\",\"description\":\"Retrouvez dans cette cat\u00e9gorie, tous les r\u00e9cits de nos voyage en Italie. Venise, V\u00e9rone... Embarquez pour d\u00e9couvrir ce beau pays.\",\"breadcrumb\":{\"@id\":\"https:\\\/\\\/frenchiesglobetrotters.com\\\/index.php\\\/destinations\\\/nos-recits-de-voyage-en-italie\\\/#breadcrumb\"},\"inLanguage\":\"fr-FR\",\"potentialAction\":[{\"@type\":\"ReadAction\",\"target\":[\"https:\\\/\\\/frenchiesglobetrotters.com\\\/index.php\\\/destinations\\\/nos-recits-de-voyage-en-italie\\\/\"]}]},{\"@type\":\"ImageObject\",\"inLanguage\":\"fr-FR\",\"@id\":\"https:\\\/\\\/frenchiesglobetrotters.com\\\/index.php\\\/destinations\\\/nos-recits-de-voyage-en-italie\\\/#primaryimage\",\"url\":\"https:\\\/\\\/frenchiesglobetrotters.com\\\/wp-content\\\/uploads\\\/2021\\\/01\\\/pexels-photo-1797121.jpeg\",\"contentUrl\":\"https:\\\/\\\/frenchiesglobetrotters.com\\\/wp-content\\\/uploads\\\/2021\\\/01\\\/pexels-photo-1797121.jpeg\",\"width\":2520,\"height\":1418,\"caption\":\"Positano\"},{\"@type\":\"BreadcrumbList\",\"@id\":\"https:\\\/\\\/frenchiesglobetrotters.com\\\/index.php\\\/destinations\\\/nos-recits-de-voyage-en-italie\\\/#breadcrumb\",\"itemListElement\":[{\"@type\":\"ListItem\",\"position\":1,\"name\":\"Accueil\",\"item\":\"https:\\\/\\\/frenchiesglobetrotters.com\\\/\"},{\"@type\":\"ListItem\",\"position\":2,\"name\":\"Destinations\",\"item\":\"https:\\\/\\\/frenchiesglobetrotters.com\\\/index.php\\\/destinations\\\/\"},{\"@type\":\"ListItem\",\"position\":3,\"name\":\"Italie\"}]},{\"@type\":\"WebSite\",\"@id\":\"https:\\\/\\\/frenchiesglobetrotters.com\\\/#website\",\"url\":\"https:\\\/\\\/frenchiesglobetrotters.com\\\/\",\"name\":\"ReachBeyondTravels\",\"description\":\"Blog Voyage &amp; Inspirations\",\"publisher\":{\"@id\":\"https:\\\/\\\/frenchiesglobetrotters.com\\\/#organization\"},\"potentialAction\":[{\"@type\":\"SearchAction\",\"target\":{\"@type\":\"EntryPoint\",\"urlTemplate\":\"https:\\\/\\\/frenchiesglobetrotters.com\\\/?s={search_term_string}\"},\"query-input\":{\"@type\":\"PropertyValueSpecification\",\"valueRequired\":true,\"valueName\":\"search_term_string\"}}],\"inLanguage\":\"fr-FR\"},{\"@type\":\"Organization\",\"@id\":\"https:\\\/\\\/frenchiesglobetrotters.com\\\/#organization\",\"name\":\"ReachBeyondTravels\",\"url\":\"https:\\\/\\\/frenchiesglobetrotters.com\\\/\",\"logo\":{\"@type\":\"ImageObject\",\"inLanguage\":\"fr-FR\",\"@id\":\"https:\\\/\\\/frenchiesglobetrotters.com\\\/#\\\/schema\\\/logo\\\/image\\\/\",\"url\":\"https:\\\/\\\/frenchiesglobetrotters.com\\\/wp-content\\\/uploads\\\/2025\\\/08\\\/Design-sans-titre.png\",\"contentUrl\":\"https:\\\/\\\/frenchiesglobetrotters.com\\\/wp-content\\\/uploads\\\/2025\\\/08\\\/Design-sans-titre.png\",\"width\":800,\"height\":200,\"caption\":\"ReachBeyondTravels\"},\"image\":{\"@id\":\"https:\\\/\\\/frenchiesglobetrotters.com\\\/#\\\/schema\\\/logo\\\/image\\\/\"},\"sameAs\":[\"https:\\\/\\\/www.instagram.com\\\/srhrbt_\\\/\",\"https:\\\/\\\/www.pinterest.fr\\\/reachbeyondtravels\\\/\"]}]}<\/script>\n<!-- \/ Yoast SEO plugin. -->","yoast_head_json":{"title":"Nos r\u00e9cits de voyage en Italie - ReachBeyondTravels - Blog Voyage","description":"Retrouvez dans cette cat\u00e9gorie, tous les r\u00e9cits de nos voyage en Italie. Venise, V\u00e9rone... Embarquez pour d\u00e9couvrir ce beau pays.","robots":{"index":"index","follow":"follow","max-snippet":"max-snippet:-1","max-image-preview":"max-image-preview:large","max-video-preview":"max-video-preview:-1"},"canonical":"https:\/\/frenchiesglobetrotters.com\/index.php\/destinations\/nos-recits-de-voyage-en-italie\/","og_locale":"fr_FR","og_type":"article","og_title":"Nos r\u00e9cits de voyage en Italie - ReachBeyondTravels - Blog Voyage","og_description":"Retrouvez dans cette cat\u00e9gorie, tous les r\u00e9cits de nos voyage en Italie. Venise, V\u00e9rone... Embarquez pour d\u00e9couvrir ce beau pays.","og_url":"https:\/\/frenchiesglobetrotters.com\/index.php\/destinations\/nos-recits-de-voyage-en-italie\/","og_site_name":"ReachBeyondTravels - Blog Voyage","article_modified_time":"2021-04-10T20:53:23+00:00","og_image":[{"width":2520,"height":1418,"url":"https:\/\/frenchiesglobetrotters.com\/wp-content\/uploads\/2021\/01\/pexels-photo-1797121.jpeg","type":"image\/jpeg"}],"twitter_card":"summary_large_image","twitter_misc":{"Dur\u00e9e de lecture estim\u00e9e":"1 minute"},"schema":{"@context":"https:\/\/schema.org","@graph":[{"@type":"WebPage","@id":"https:\/\/frenchiesglobetrotters.com\/index.php\/destinations\/nos-recits-de-voyage-en-italie\/","url":"https:\/\/frenchiesglobetrotters.com\/index.php\/destinations\/nos-recits-de-voyage-en-italie\/","name":"Nos r\u00e9cits de voyage en Italie - ReachBeyondTravels - Blog Voyage","isPartOf":{"@id":"https:\/\/frenchiesglobetrotters.com\/#website"},"primaryImageOfPage":{"@id":"https:\/\/frenchiesglobetrotters.com\/index.php\/destinations\/nos-recits-de-voyage-en-italie\/#primaryimage"},"image":{"@id":"https:\/\/frenchiesglobetrotters.com\/index.php\/destinations\/nos-recits-de-voyage-en-italie\/#primaryimage"},"thumbnailUrl":"https:\/\/frenchiesglobetrotters.com\/wp-content\/uploads\/2021\/01\/pexels-photo-1797121.jpeg","datePublished":"2021-01-19T22:38:08+00:00","dateModified":"2021-04-10T20:53:23+00:00","description":"Retrouvez dans cette cat\u00e9gorie, tous les r\u00e9cits de nos voyage en Italie. Venise, V\u00e9rone... Embarquez pour d\u00e9couvrir ce beau pays.","breadcrumb":{"@id":"https:\/\/frenchiesglobetrotters.com\/index.php\/destinations\/nos-recits-de-voyage-en-italie\/#breadcrumb"},"inLanguage":"fr-FR","potentialAction":[{"@type":"ReadAction","target":["https:\/\/frenchiesglobetrotters.com\/index.php\/destinations\/nos-recits-de-voyage-en-italie\/"]}]},{"@type":"ImageObject","inLanguage":"fr-FR","@id":"https:\/\/frenchiesglobetrotters.com\/index.php\/destinations\/nos-recits-de-voyage-en-italie\/#primaryimage","url":"https:\/\/frenchiesglobetrotters.com\/wp-content\/uploads\/2021\/01\/pexels-photo-1797121.jpeg","contentUrl":"https:\/\/frenchiesglobetrotters.com\/wp-content\/uploads\/2021\/01\/pexels-photo-1797121.jpeg","width":2520,"height":1418,"caption":"Positano"},{"@type":"BreadcrumbList","@id":"https:\/\/frenchiesglobetrotters.com\/index.php\/destinations\/nos-recits-de-voyage-en-italie\/#breadcrumb","itemListElement":[{"@type":"ListItem","position":1,"name":"Accueil","item":"https:\/\/frenchiesglobetrotters.com\/"},{"@type":"ListItem","position":2,"name":"Destinations","item":"https:\/\/frenchiesglobetrotters.com\/index.php\/destinations\/"},{"@type":"ListItem","position":3,"name":"Italie"}]},{"@type":"WebSite","@id":"https:\/\/frenchiesglobetrotters.com\/#website","url":"https:\/\/frenchiesglobetrotters.com\/","name":"ReachBeyondTravels","description":"Blog Voyage &amp; Inspirations","publisher":{"@id":"https:\/\/frenchiesglobetrotters.com\/#organization"},"potentialAction":[{"@type":"SearchAction","target":{"@type":"EntryPoint","urlTemplate":"https:\/\/frenchiesglobetrotters.com\/?s={search_term_string}"},"query-input":{"@type":"PropertyValueSpecification","valueRequired":true,"valueName":"search_term_string"}}],"inLanguage":"fr-FR"},{"@type":"Organization","@id":"https:\/\/frenchiesglobetrotters.com\/#organization","name":"ReachBeyondTravels","url":"https:\/\/frenchiesglobetrotters.com\/","logo":{"@type":"ImageObject","inLanguage":"fr-FR","@id":"https:\/\/frenchiesglobetrotters.com\/#\/schema\/logo\/image\/","url":"https:\/\/frenchiesglobetrotters.com\/wp-content\/uploads\/2025\/08\/Design-sans-titre.png","contentUrl":"https:\/\/frenchiesglobetrotters.com\/wp-content\/uploads\/2025\/08\/Design-sans-titre.png","width":800,"height":200,"caption":"ReachBeyondTravels"},"image":{"@id":"https:\/\/frenchiesglobetrotters.com\/#\/schema\/logo\/image\/"},"sameAs":["https:\/\/www.instagram.com\/srhrbt_\/","https:\/\/www.pinterest.fr\/reachbeyondtravels\/"]}]}},"_links":{"self":[{"href":"https:\/\/frenchiesglobetrotters.com\/index.php\/wp-json\/wp\/v2\/pages\/3187","targetHints":{"allow":["GET"]}}],"collection":[{"href":"https:\/\/frenchiesglobetrotters.com\/index.php\/wp-json\/wp\/v2\/pages"}],"about":[{"href":"https:\/\/frenchiesglobetrotters.com\/index.php\/wp-json\/wp\/v2\/types\/page"}],"author":[{"embeddable":true,"href":"https:\/\/frenchiesglobetrotters.com\/index.php\/wp-json\/wp\/v2\/users\/1"}],"replies":[{"embeddable":true,"href":"https:\/\/frenchiesglobetrotters.com\/index.php\/wp-json\/wp\/v2\/comments?post=3187"}],"version-history":[{"count":13,"href":"https:\/\/frenchiesglobetrotters.com\/index.php\/wp-json\/wp\/v2\/pages\/3187\/revisions"}],"predecessor-version":[{"id":4321,"href":"https:\/\/frenchiesglobetrotters.com\/index.php\/wp-json\/wp\/v2\/pages\/3187\/revisions\/4321"}],"up":[{"embeddable":true,"href":"https:\/\/frenchiesglobetrotters.com\/index.php\/wp-json\/wp\/v2\/pages\/86"}],"wp:featuredmedia":[{"embeddable":true,"href":"https:\/\/frenchiesglobetrotters.com\/index.php\/wp-json\/wp\/v2\/media\/3191"}],"wp:attachment":[{"href":"https:\/\/frenchiesglobetrotters.com\/index.php\/wp-json\/wp\/v2\/media?parent=3187"}],"curies":[{"name":"wp","href":"https:\/\/api.w.org\/{rel}","templated":true}]}}