{"id":1543,"date":"2020-12-02T11:08:06","date_gmt":"2020-12-02T10:08:06","guid":{"rendered":"http:\/\/frenchu.cluster030.hosting.ovh.net\/?page_id=1543"},"modified":"2021-02-22T14:51:30","modified_gmt":"2021-02-22T13:51:30","slug":"bonnes-adresses","status":"publish","type":"page","link":"https:\/\/frenchiesglobetrotters.com\/index.php\/bonnes-adresses\/","title":{"rendered":"Bonnes adresses"},"content":{"rendered":"\n<p><\/p>\n\n\n\t\r\n\t<div id=\"sitka-post-grid-block_602107ab08072\" class=\"sitka-post-grid \">\r\n\t\t\r\n\t\t\t\t<div class=\"block-heading-wrap\">\r\n\t\t\t<h5 class=\"block-heading\">Nos derni\u00e8res bonnes adresses<\/h5>\r\n\t\t<\/div>\r\n\t\t\r\n\t\t\t\t\r\n\t\t\t<div class=\"sitka-post-grid-wrap cols-3\">\r\n\t\t\t\t\r\n\t\t\t\t\t\t\t\t\t\r\n\t\t\t\t\t<article id=\"post-4180\" class=\"sitka-block-grid-item\">\r\n\t\t\t\t\t\t\r\n\t\t\t\t\t\t\t\t\t\t\t\t<div class=\"sitka-block-grid-img\">\t\t\t\t\r\n\t\t\t\t\t\t\t<a href=\"https:\/\/frenchiesglobetrotters.com\/index.php\/2021\/03\/31\/les-meilleurs-afternoon-tea-de-londres-pour-tous-les-budgets\/\"><img loading=\"lazy\" decoding=\"async\" width=\"600\" height=\"460\" src=\"https:\/\/frenchiesglobetrotters.com\/wp-content\/uploads\/2021\/03\/photo-1579372785655-a81b19e99b8b-600x460.jpeg\" class=\"attachment-sitka-grid-post-thumb size-sitka-grid-post-thumb wp-post-image\" alt=\"\" \/><\/a>\r\n\t\t\t\t\t\t<\/div>\r\n\t\t\t\t\t\t\t\t\t\t\t\t\r\n\t\t\t\t\t\t\t\t\t\t\t\t<div class=\"post-cats\">\r\n\t\t\t\t\t\t\t<a href=\"https:\/\/frenchiesglobetrotters.com\/index.php\/category\/bonnes-adresses\/\" rel=\"category tag\">Bonnes adresses<\/a>\t\t\t\t\t\t<\/div>\r\n\t\t\t\t\t\t\t\t\t\t\t\t\r\n\t\t\t\t\t\t\t\t\t\t\t\t<h2><a href=\"https:\/\/frenchiesglobetrotters.com\/index.php\/2021\/03\/31\/les-meilleurs-afternoon-tea-de-londres-pour-tous-les-budgets\/\">Les meilleurs Afternoon Tea de Londres, pour tous les budgets<\/a><\/h2>\r\n\t\t\t\t\t\t\t\t\t\t\t\t\r\n\t\t\t\t\t\t<p>V\u00e9ritable institution en Angleterre, l&rsquo;Afternoon Tea est une exp\u00e9rience culinaire \u00e0 ne pas manquer\u2026<\/p>\t\t\t\t\t\t\r\n\t\t\t\t\t\t\t\t\t\t\t\t<span class=\"sp-date updated published\">31 mars 2021<\/span>\r\n\t\t\t\t\t\t\t\t\t\t\t\r\n\t\t\t\t\t<\/article>\r\n\t\t\t\t\t\r\n\t\t\t\t\t\t\t\t\t\r\n\t\t\t\t\t<article id=\"post-3624\" class=\"sitka-block-grid-item\">\r\n\t\t\t\t\t\t\r\n\t\t\t\t\t\t\t\t\t\t\t\t<div class=\"sitka-block-grid-img\">\t\t\t\t\r\n\t\t\t\t\t\t\t<a href=\"https:\/\/frenchiesglobetrotters.com\/index.php\/2021\/02\/08\/les-meilleurs-brunch-de-lyon-pour-moins-de-25e\/\"><img loading=\"lazy\" decoding=\"async\" width=\"600\" height=\"460\" src=\"https:\/\/frenchiesglobetrotters.com\/wp-content\/uploads\/2021\/02\/Capture-decran-2021-02-05-a-13.41.14-600x460.png\" class=\"attachment-sitka-grid-post-thumb size-sitka-grid-post-thumb wp-post-image\" alt=\"Brunch bonnes adresses\" \/><\/a>\r\n\t\t\t\t\t\t<\/div>\r\n\t\t\t\t\t\t\t\t\t\t\t\t\r\n\t\t\t\t\t\t\t\t\t\t\t\t<div class=\"post-cats\">\r\n\t\t\t\t\t\t\t<a href=\"https:\/\/frenchiesglobetrotters.com\/index.php\/category\/bonnes-adresses\/\" rel=\"category tag\">Bonnes adresses<\/a>\t\t\t\t\t\t<\/div>\r\n\t\t\t\t\t\t\t\t\t\t\t\t\r\n\t\t\t\t\t\t\t\t\t\t\t\t<h2><a href=\"https:\/\/frenchiesglobetrotters.com\/index.php\/2021\/02\/08\/les-meilleurs-brunch-de-lyon-pour-moins-de-25e\/\">Les meilleurs brunch de Lyon pour moins de 25\u20ac<\/a><\/h2>\r\n\t\t\t\t\t\t\t\t\t\t\t\t\r\n\t\t\t\t\t\t<p>D\u00e9couvrez nos meilleures adresses de Brunch \u00e0 Lyon pour moins de 25\u20ac&#8230;<\/p>\t\t\t\t\t\t\r\n\t\t\t\t\t\t\t\t\t\t\t\t<span class=\"sp-date updated published\">8 f\u00e9vrier 2021<\/span>\r\n\t\t\t\t\t\t\t\t\t\t\t\r\n\t\t\t\t\t<\/article>\r\n\t\t\t\t\t\r\n\t\t\t\t\t\t\t\t\r\n\t\t\t<\/div>\r\n\t\t\t\r\n\t\t\r\n\t<\/div>\r\n\t\r\n    ","protected":false},"excerpt":{"rendered":"","protected":false},"author":1,"featured_media":3482,"parent":0,"menu_order":0,"comment_status":"closed","ping_status":"closed","template":"","meta":{"_monsterinsights_skip_tracking":false,"_monsterinsights_sitenote_active":false,"_monsterinsights_sitenote_note":"","_monsterinsights_sitenote_category":0,"footnotes":""},"class_list":["post-1543","page","type-page","status-publish","has-post-thumbnail","hentry"],"yoast_head":"<!-- This site is optimized with the Yoast SEO plugin v27.4 - https:\/\/yoast.com\/product\/yoast-seo-wordpress\/ -->\n<title>Bonnes adresses - ReachBeyondTravels - Blog Voyage<\/title>\n<meta name=\"description\" content=\"Dans cette cat\u00e9gorie, retrouvez toutes les bonnes adresses d\u00e9couvertes \u00e0 travers le monde entier lors de nos voyages !\" \/>\n<meta name=\"robots\" content=\"index, follow, max-snippet:-1, max-image-preview:large, max-video-preview:-1\" \/>\n<link rel=\"canonical\" href=\"https:\/\/frenchiesglobetrotters.com\/index.php\/bonnes-adresses\/\" \/>\n<meta property=\"og:locale\" content=\"fr_FR\" \/>\n<meta property=\"og:type\" content=\"article\" \/>\n<meta property=\"og:title\" content=\"Bonnes adresses - ReachBeyondTravels - Blog Voyage\" \/>\n<meta property=\"og:description\" content=\"Dans cette cat\u00e9gorie, retrouvez toutes les bonnes adresses d\u00e9couvertes \u00e0 travers le monde entier lors de nos voyages !\" \/>\n<meta property=\"og:url\" content=\"https:\/\/frenchiesglobetrotters.com\/index.php\/bonnes-adresses\/\" \/>\n<meta property=\"og:site_name\" content=\"ReachBeyondTravels - Blog Voyage\" \/>\n<meta property=\"article:modified_time\" content=\"2021-02-22T13:51:30+00:00\" \/>\n<meta property=\"og:image\" content=\"https:\/\/frenchiesglobetrotters.com\/wp-content\/uploads\/2021\/01\/pexels-photo-3660229.jpeg\" \/>\n\t<meta property=\"og:image:width\" content=\"2250\" \/>\n\t<meta property=\"og:image:height\" content=\"1500\" \/>\n\t<meta property=\"og:image:type\" content=\"image\/jpeg\" \/>\n<meta name=\"twitter:card\" content=\"summary_large_image\" \/>\n<script type=\"application\/ld+json\" class=\"yoast-schema-graph\">{\"@context\":\"https:\\\/\\\/schema.org\",\"@graph\":[{\"@type\":\"WebPage\",\"@id\":\"https:\\\/\\\/frenchiesglobetrotters.com\\\/index.php\\\/bonnes-adresses\\\/\",\"url\":\"https:\\\/\\\/frenchiesglobetrotters.com\\\/index.php\\\/bonnes-adresses\\\/\",\"name\":\"Bonnes adresses - ReachBeyondTravels - Blog Voyage\",\"isPartOf\":{\"@id\":\"https:\\\/\\\/frenchiesglobetrotters.com\\\/#website\"},\"primaryImageOfPage\":{\"@id\":\"https:\\\/\\\/frenchiesglobetrotters.com\\\/index.php\\\/bonnes-adresses\\\/#primaryimage\"},\"image\":{\"@id\":\"https:\\\/\\\/frenchiesglobetrotters.com\\\/index.php\\\/bonnes-adresses\\\/#primaryimage\"},\"thumbnailUrl\":\"https:\\\/\\\/frenchiesglobetrotters.com\\\/wp-content\\\/uploads\\\/2021\\\/01\\\/pexels-photo-3660229.jpeg\",\"datePublished\":\"2020-12-02T10:08:06+00:00\",\"dateModified\":\"2021-02-22T13:51:30+00:00\",\"description\":\"Dans cette cat\u00e9gorie, retrouvez toutes les bonnes adresses d\u00e9couvertes \u00e0 travers le monde entier lors de nos voyages !\",\"breadcrumb\":{\"@id\":\"https:\\\/\\\/frenchiesglobetrotters.com\\\/index.php\\\/bonnes-adresses\\\/#breadcrumb\"},\"inLanguage\":\"fr-FR\",\"potentialAction\":[{\"@type\":\"ReadAction\",\"target\":[\"https:\\\/\\\/frenchiesglobetrotters.com\\\/index.php\\\/bonnes-adresses\\\/\"]}]},{\"@type\":\"ImageObject\",\"inLanguage\":\"fr-FR\",\"@id\":\"https:\\\/\\\/frenchiesglobetrotters.com\\\/index.php\\\/bonnes-adresses\\\/#primaryimage\",\"url\":\"https:\\\/\\\/frenchiesglobetrotters.com\\\/wp-content\\\/uploads\\\/2021\\\/01\\\/pexels-photo-3660229.jpeg\",\"contentUrl\":\"https:\\\/\\\/frenchiesglobetrotters.com\\\/wp-content\\\/uploads\\\/2021\\\/01\\\/pexels-photo-3660229.jpeg\",\"width\":2250,\"height\":1500,\"caption\":\"Bonnes adresses\"},{\"@type\":\"BreadcrumbList\",\"@id\":\"https:\\\/\\\/frenchiesglobetrotters.com\\\/index.php\\\/bonnes-adresses\\\/#breadcrumb\",\"itemListElement\":[{\"@type\":\"ListItem\",\"position\":1,\"name\":\"Accueil\",\"item\":\"https:\\\/\\\/frenchiesglobetrotters.com\\\/\"},{\"@type\":\"ListItem\",\"position\":2,\"name\":\"Bonnes adresses\"}]},{\"@type\":\"WebSite\",\"@id\":\"https:\\\/\\\/frenchiesglobetrotters.com\\\/#website\",\"url\":\"https:\\\/\\\/frenchiesglobetrotters.com\\\/\",\"name\":\"ReachBeyondTravels\",\"description\":\"Blog Voyage &amp; Inspirations\",\"publisher\":{\"@id\":\"https:\\\/\\\/frenchiesglobetrotters.com\\\/#organization\"},\"potentialAction\":[{\"@type\":\"SearchAction\",\"target\":{\"@type\":\"EntryPoint\",\"urlTemplate\":\"https:\\\/\\\/frenchiesglobetrotters.com\\\/?s={search_term_string}\"},\"query-input\":{\"@type\":\"PropertyValueSpecification\",\"valueRequired\":true,\"valueName\":\"search_term_string\"}}],\"inLanguage\":\"fr-FR\"},{\"@type\":\"Organization\",\"@id\":\"https:\\\/\\\/frenchiesglobetrotters.com\\\/#organization\",\"name\":\"ReachBeyondTravels\",\"url\":\"https:\\\/\\\/frenchiesglobetrotters.com\\\/\",\"logo\":{\"@type\":\"ImageObject\",\"inLanguage\":\"fr-FR\",\"@id\":\"https:\\\/\\\/frenchiesglobetrotters.com\\\/#\\\/schema\\\/logo\\\/image\\\/\",\"url\":\"https:\\\/\\\/frenchiesglobetrotters.com\\\/wp-content\\\/uploads\\\/2025\\\/08\\\/Design-sans-titre.png\",\"contentUrl\":\"https:\\\/\\\/frenchiesglobetrotters.com\\\/wp-content\\\/uploads\\\/2025\\\/08\\\/Design-sans-titre.png\",\"width\":800,\"height\":200,\"caption\":\"ReachBeyondTravels\"},\"image\":{\"@id\":\"https:\\\/\\\/frenchiesglobetrotters.com\\\/#\\\/schema\\\/logo\\\/image\\\/\"},\"sameAs\":[\"https:\\\/\\\/www.instagram.com\\\/srhrbt_\\\/\",\"https:\\\/\\\/www.pinterest.fr\\\/reachbeyondtravels\\\/\"]}]}<\/script>\n<!-- \/ Yoast SEO plugin. -->","yoast_head_json":{"title":"Bonnes adresses - ReachBeyondTravels - Blog Voyage","description":"Dans cette cat\u00e9gorie, retrouvez toutes les bonnes adresses d\u00e9couvertes \u00e0 travers le monde entier lors de nos voyages !","robots":{"index":"index","follow":"follow","max-snippet":"max-snippet:-1","max-image-preview":"max-image-preview:large","max-video-preview":"max-video-preview:-1"},"canonical":"https:\/\/frenchiesglobetrotters.com\/index.php\/bonnes-adresses\/","og_locale":"fr_FR","og_type":"article","og_title":"Bonnes adresses - ReachBeyondTravels - Blog Voyage","og_description":"Dans cette cat\u00e9gorie, retrouvez toutes les bonnes adresses d\u00e9couvertes \u00e0 travers le monde entier lors de nos voyages !","og_url":"https:\/\/frenchiesglobetrotters.com\/index.php\/bonnes-adresses\/","og_site_name":"ReachBeyondTravels - Blog Voyage","article_modified_time":"2021-02-22T13:51:30+00:00","og_image":[{"width":2250,"height":1500,"url":"https:\/\/frenchiesglobetrotters.com\/wp-content\/uploads\/2021\/01\/pexels-photo-3660229.jpeg","type":"image\/jpeg"}],"twitter_card":"summary_large_image","schema":{"@context":"https:\/\/schema.org","@graph":[{"@type":"WebPage","@id":"https:\/\/frenchiesglobetrotters.com\/index.php\/bonnes-adresses\/","url":"https:\/\/frenchiesglobetrotters.com\/index.php\/bonnes-adresses\/","name":"Bonnes adresses - ReachBeyondTravels - Blog Voyage","isPartOf":{"@id":"https:\/\/frenchiesglobetrotters.com\/#website"},"primaryImageOfPage":{"@id":"https:\/\/frenchiesglobetrotters.com\/index.php\/bonnes-adresses\/#primaryimage"},"image":{"@id":"https:\/\/frenchiesglobetrotters.com\/index.php\/bonnes-adresses\/#primaryimage"},"thumbnailUrl":"https:\/\/frenchiesglobetrotters.com\/wp-content\/uploads\/2021\/01\/pexels-photo-3660229.jpeg","datePublished":"2020-12-02T10:08:06+00:00","dateModified":"2021-02-22T13:51:30+00:00","description":"Dans cette cat\u00e9gorie, retrouvez toutes les bonnes adresses d\u00e9couvertes \u00e0 travers le monde entier lors de nos voyages !","breadcrumb":{"@id":"https:\/\/frenchiesglobetrotters.com\/index.php\/bonnes-adresses\/#breadcrumb"},"inLanguage":"fr-FR","potentialAction":[{"@type":"ReadAction","target":["https:\/\/frenchiesglobetrotters.com\/index.php\/bonnes-adresses\/"]}]},{"@type":"ImageObject","inLanguage":"fr-FR","@id":"https:\/\/frenchiesglobetrotters.com\/index.php\/bonnes-adresses\/#primaryimage","url":"https:\/\/frenchiesglobetrotters.com\/wp-content\/uploads\/2021\/01\/pexels-photo-3660229.jpeg","contentUrl":"https:\/\/frenchiesglobetrotters.com\/wp-content\/uploads\/2021\/01\/pexels-photo-3660229.jpeg","width":2250,"height":1500,"caption":"Bonnes adresses"},{"@type":"BreadcrumbList","@id":"https:\/\/frenchiesglobetrotters.com\/index.php\/bonnes-adresses\/#breadcrumb","itemListElement":[{"@type":"ListItem","position":1,"name":"Accueil","item":"https:\/\/frenchiesglobetrotters.com\/"},{"@type":"ListItem","position":2,"name":"Bonnes adresses"}]},{"@type":"WebSite","@id":"https:\/\/frenchiesglobetrotters.com\/#website","url":"https:\/\/frenchiesglobetrotters.com\/","name":"ReachBeyondTravels","description":"Blog Voyage &amp; Inspirations","publisher":{"@id":"https:\/\/frenchiesglobetrotters.com\/#organization"},"potentialAction":[{"@type":"SearchAction","target":{"@type":"EntryPoint","urlTemplate":"https:\/\/frenchiesglobetrotters.com\/?s={search_term_string}"},"query-input":{"@type":"PropertyValueSpecification","valueRequired":true,"valueName":"search_term_string"}}],"inLanguage":"fr-FR"},{"@type":"Organization","@id":"https:\/\/frenchiesglobetrotters.com\/#organization","name":"ReachBeyondTravels","url":"https:\/\/frenchiesglobetrotters.com\/","logo":{"@type":"ImageObject","inLanguage":"fr-FR","@id":"https:\/\/frenchiesglobetrotters.com\/#\/schema\/logo\/image\/","url":"https:\/\/frenchiesglobetrotters.com\/wp-content\/uploads\/2025\/08\/Design-sans-titre.png","contentUrl":"https:\/\/frenchiesglobetrotters.com\/wp-content\/uploads\/2025\/08\/Design-sans-titre.png","width":800,"height":200,"caption":"ReachBeyondTravels"},"image":{"@id":"https:\/\/frenchiesglobetrotters.com\/#\/schema\/logo\/image\/"},"sameAs":["https:\/\/www.instagram.com\/srhrbt_\/","https:\/\/www.pinterest.fr\/reachbeyondtravels\/"]}]}},"_links":{"self":[{"href":"https:\/\/frenchiesglobetrotters.com\/index.php\/wp-json\/wp\/v2\/pages\/1543","targetHints":{"allow":["GET"]}}],"collection":[{"href":"https:\/\/frenchiesglobetrotters.com\/index.php\/wp-json\/wp\/v2\/pages"}],"about":[{"href":"https:\/\/frenchiesglobetrotters.com\/index.php\/wp-json\/wp\/v2\/types\/page"}],"author":[{"embeddable":true,"href":"https:\/\/frenchiesglobetrotters.com\/index.php\/wp-json\/wp\/v2\/users\/1"}],"replies":[{"embeddable":true,"href":"https:\/\/frenchiesglobetrotters.com\/index.php\/wp-json\/wp\/v2\/comments?post=1543"}],"version-history":[{"count":30,"href":"https:\/\/frenchiesglobetrotters.com\/index.php\/wp-json\/wp\/v2\/pages\/1543\/revisions"}],"predecessor-version":[{"id":4050,"href":"https:\/\/frenchiesglobetrotters.com\/index.php\/wp-json\/wp\/v2\/pages\/1543\/revisions\/4050"}],"wp:featuredmedia":[{"embeddable":true,"href":"https:\/\/frenchiesglobetrotters.com\/index.php\/wp-json\/wp\/v2\/media\/3482"}],"wp:attachment":[{"href":"https:\/\/frenchiesglobetrotters.com\/index.php\/wp-json\/wp\/v2\/media?parent=1543"}],"curies":[{"name":"wp","href":"https:\/\/api.w.org\/{rel}","templated":true}]}}