{"id":1399,"date":"2019-09-13T05:24:14","date_gmt":"2019-09-13T05:24:14","guid":{"rendered":"https:\/\/sitkatheme.com\/main\/?page_id=434"},"modified":"2025-08-16T23:08:18","modified_gmt":"2025-08-16T21:08:18","slug":"a-propos-de-nous","status":"publish","type":"page","link":"https:\/\/frenchiesglobetrotters.com\/index.php\/a-propos-de-nous\/","title":{"rendered":"A propos de moi"},"content":{"rendered":"\n<h6 class=\"wp-block-heading has-text-align-center\">Hello \u00e0 tous, je suis Sarah\u00a0\ud83d\ude42<\/h6>\n\n\n\n<style>\r\n\r\n#wpsm_counter_b_row_1694 .wpsm_counterbox\r\n{\r\n\ttext-align:center;\r\n\tmargin-top:50px;\r\n\tmargin-bottom:50px;\r\n}\r\n#wpsm_counter_b_row_1694 .wpsm_counterbox .wpsm_count-icon{\r\n\tdisplay:block;\r\n\tmargin-top:20px;\r\n\tpadding-top:0px;\r\n\tpadding-bottom:0px;\r\n\tmargin-bottom:0px;\r\n\tmargin:0 auto;\r\n}\r\n#wpsm_counter_b_row_1694 .wpsm_counterbox .wpsm_count-icon i{\r\n\tfont-size:60px;\r\n\tcolor:#384038;\r\n}\r\n#wpsm_counter_b_row_1694 .wpsm_counterbox .wpsm_number{\r\n\tfont-size:50px;\r\n\tfont-weight:400;\r\n\tcolor:#8c5b3f;\r\n\tfont-family:'Courier New';\r\n\tletter-spacing:2px;\r\n\tmargin-top:20px;\r\n\tline-height: 1.3em;\r\n\tpadding-top:0px;\r\n\tpadding-bottom:0px;\r\n\tmargin-bottom:0px;\r\n}\r\n#wpsm_counter_b_row_1694 .wpsm_counterbox .wpsm_count-title{\r\n    font-size:18px;\r\n\tfont-weight:bolder;\r\n\tfont-family:'Courier New';\r\n\tletter-spacing:2px;\r\n    color: #000000;\r\n\tfont-weight:400;\r\n\tmargin-top:20px;\r\n\tpadding-top:0px;\r\n\tpadding-bottom:0px;\r\n\tmargin-bottom:0px;\r\n\tline-height: 1.3em;\r\n}\r\n\r\n<\/style> \r\n\t\t \r\n\t\t\r\n\t\t<style>\r\n\t\t#wpsm_counter_b_row_1694\t\t\t{\r\n\t\t\t\t\r\n\t\t\t\tposition:relative;\r\n\t\t\t\twidth:100%;\r\n\t\t\t\toverflow:hidden;\r\n\t\t\t\ttext-align:center;\r\n\t\t\t}\r\n\t\t\t \r\n\t\t\t#wpsm_counter_b_row_1694 .wpsm_row{\r\n\t\t\toverflow:hidden;\r\n\t\t\tdisplay:block;\r\n\t\t\twidth:100%;\r\n\t\t\t} \r\n\t\t\t \r\n\t\t\t#wpsm_counter_b_row_1694 .wpsm_row{\r\n\t\t\toverflow:visible;\r\n\t\t\t} \r\n\t\t\t \r\n\t\t\t#wpsm_counter_b_row_1694 .wpsm_counterbox .wpsm_count-title{\r\n\t\t\tmin-height:56px;\r\n\t\t\t}}\r\n\t\t\t \r\n\t\t<\/style>\r\n\t\t\r\n\t\t<div class=\"wpsm_counter_b_row\" id=\"wpsm_counter_b_row_1694\">\r\n\t\t\t<div>\r\n\t\t\t\t<div class=\"wpsm_row\">\r\n\t\t\r\n\t\t\t\t\t\t<div class=\"wpsm_col-md-3 wpsm_col-sm-6\">\r\n\t\t\t\t\t<div class=\"wpsm_counterbox\">\r\n\t\t\t\t\t\t \r\n\t\t\t\t\t\t<div class=\"wpsm_count-icon\"><i #384038 class=\"fa fa-globe\"><\/i><\/div>\r\n\t\t\t\t\t\t\t\t\t\t\t\t<div class=\"wpsm_number\" style=\"#8c5b3f\" >\r\n\t\t\t\t\t\t   <span class=\"counter\">11\t\t\t\t\t\t   <\/span>\r\n\t\t\t\t\t\t    \r\n\t\t\t\t\t    <\/div>\r\n\t\t\t\t\t\t<h3 class=\"wpsm_count-title\" #000000> Pays visit\u00e9s<\/h3>\r\n\t\t\t\t\t\t \r\n\t\t\t\t\t<\/div>\r\n\t\t\t\t<\/div>\r\n\t\t\t\t\t\t\t\t\t<div class=\"wpsm_col-md-3 wpsm_col-sm-6\">\r\n\t\t\t\t\t<div class=\"wpsm_counterbox\">\r\n\t\t\t\t\t\t \r\n\t\t\t\t\t\t<div class=\"wpsm_count-icon\"><i #384038 class=\"fa fa-plane\"><\/i><\/div>\r\n\t\t\t\t\t\t\t\t\t\t\t\t<div class=\"wpsm_number\" style=\"#8c5b3f\" >\r\n\t\t\t\t\t\t   <span class=\"counter\">35000\t\t\t\t\t\t   <\/span>\r\n\t\t\t\t\t\t    \r\n\t\t\t\t\t    <\/div>\r\n\t\t\t\t\t\t<h3 class=\"wpsm_count-title\" #000000> Kilom\u00e8tres parcourus<\/h3>\r\n\t\t\t\t\t\t \r\n\t\t\t\t\t<\/div>\r\n\t\t\t\t<\/div>\r\n\t\t\t\t\t\t\t\t\t<div class=\"wpsm_col-md-3 wpsm_col-sm-6\">\r\n\t\t\t\t\t<div class=\"wpsm_counterbox\">\r\n\t\t\t\t\t\t \r\n\t\t\t\t\t\t<div class=\"wpsm_count-icon\"><i #384038 class=\"fa fa-camera-retro\"><\/i><\/div>\r\n\t\t\t\t\t\t\t\t\t\t\t\t<div class=\"wpsm_number\" style=\"#8c5b3f\" >\r\n\t\t\t\t\t\t   <span class=\"counter\">3352\t\t\t\t\t\t   <\/span>\r\n\t\t\t\t\t\t    \r\n\t\t\t\t\t    <\/div>\r\n\t\t\t\t\t\t<h3 class=\"wpsm_count-title\" #000000> Nombre de photos prises<\/h3>\r\n\t\t\t\t\t\t \r\n\t\t\t\t\t<\/div>\r\n\t\t\t\t<\/div>\r\n\t\t\t\t\t\t\t\t\t<div class=\"wpsm_col-md-3 wpsm_col-sm-6\">\r\n\t\t\t\t\t<div class=\"wpsm_counterbox\">\r\n\t\t\t\t\t\t \r\n\t\t\t\t\t\t<div class=\"wpsm_count-icon\"><i #384038 class=\"fa fa-suitcase\"><\/i><\/div>\r\n\t\t\t\t\t\t\t\t\t\t\t\t<div class=\"wpsm_number\" style=\"#8c5b3f\" >\r\n\t\t\t\t\t\t   <span class=\"counter\">0\t\t\t\t\t\t   <\/span>\r\n\t\t\t\t\t\t    \r\n\t\t\t\t\t    <\/div>\r\n\t\t\t\t\t\t<h3 class=\"wpsm_count-title\" #000000> Bagages \u00e9gar\u00e9s<\/h3>\r\n\t\t\t\t\t\t \r\n\t\t\t\t\t<\/div>\r\n\t\t\t\t<\/div>\r\n\t\t\t\t\t\t<\/div>\r\n\t\t\t<div class=\"wpsm_row\">\r\n\t\t\t\t\t\t\r\n\t\t\t<\/div>\t\t\t\t<\/div>\r\n\t\t<\/div>\r\n\t\t\r\n\t\n\n\n\n<hr class=\"wp-block-separator has-css-opacity\"\/>\n\n\n\n<p><\/p>\n\n\n\n<div class=\"wp-block-columns alignwide has-2-columns is-layout-flex wp-container-core-columns-is-layout-9d6595d7 wp-block-columns-is-layout-flex\">\n<div class=\"wp-block-column is-layout-flow wp-block-column-is-layout-flow\">\n<p class=\"justification_texte\">Lyonnaise passionn\u00e9e de voyages, j\u2019ai parcouru plusieurs pays au fil des ann\u00e9es, appareil photo \u00e0 la main et carnet de notes jamais bien loin. Ma premi\u00e8re envie a \u00e9t\u00e9 de partager ces moments via Instagram, afin de garder une trace de mes aventures et d\u2019\u00e9changer avec une communaut\u00e9 anim\u00e9e par la m\u00eame passion.<\/p>\n\n\n\n<p class=\"justification_texte\">Rapidement, j\u2019ai eu envie d\u2019aller plus loin et de cr\u00e9er ce blog, un espace plus personnel et plus complet, o\u00f9 je peux non seulement raconter mes r\u00e9cits de voyage, mais aussi partager mes conseils, astuces et meilleures adresses.<\/p>\n\n\n\n<p class=\"justification_texte\">Mon objectif est simple : vous inspirer, vous donner des id\u00e9es pour vos prochaines escapades, et pourquoi pas vous aider \u00e0 pr\u00e9parer vos propres aventures autour du monde.<\/p>\n\n\n\n<p class=\"justification_texte\">J\u2019esp\u00e8re que vous prendrez plaisir \u00e0 voyager \u00e0 travers mes articles et que ce blog deviendra une <a href=\"https:\/\/www.theidioms.com\/#\" class=\"fr\">source<\/a> d\u2019inspiration pour vos futures d\u00e9couvertes \u2708\ufe0f<\/p>\n\n\n<div class=\"wp-block-image\">\n<figure class=\"aligncenter size-thumbnail is-resized\"><img loading=\"lazy\" decoding=\"async\" width=\"150\" height=\"150\" src=\"https:\/\/frenchiesglobetrotters.com\/wp-content\/uploads\/2025\/08\/067f3c41-3a8d-4ca1-a561-7c649a2c3b82-150x150.png\" alt=\"\" class=\"wp-image-4395\" style=\"width:152px;height:152px\" srcset=\"https:\/\/frenchiesglobetrotters.com\/wp-content\/uploads\/2025\/08\/067f3c41-3a8d-4ca1-a561-7c649a2c3b82-150x150.png 150w, https:\/\/frenchiesglobetrotters.com\/wp-content\/uploads\/2025\/08\/067f3c41-3a8d-4ca1-a561-7c649a2c3b82-300x300.png 300w, https:\/\/frenchiesglobetrotters.com\/wp-content\/uploads\/2025\/08\/067f3c41-3a8d-4ca1-a561-7c649a2c3b82-768x768.png 768w, https:\/\/frenchiesglobetrotters.com\/wp-content\/uploads\/2025\/08\/067f3c41-3a8d-4ca1-a561-7c649a2c3b82-80x80.png 80w, https:\/\/frenchiesglobetrotters.com\/wp-content\/uploads\/2025\/08\/067f3c41-3a8d-4ca1-a561-7c649a2c3b82-500x500.png 500w, https:\/\/frenchiesglobetrotters.com\/wp-content\/uploads\/2025\/08\/067f3c41-3a8d-4ca1-a561-7c649a2c3b82-800x800.png 800w, https:\/\/frenchiesglobetrotters.com\/wp-content\/uploads\/2025\/08\/067f3c41-3a8d-4ca1-a561-7c649a2c3b82.png 1024w\" sizes=\"auto, (max-width: 150px) 100vw, 150px\" \/><\/figure><\/div><\/div>\n\n\n\n<div class=\"wp-block-column is-layout-flow wp-block-column-is-layout-flow\">\n<figure class=\"wp-block-image size-large\"><img loading=\"lazy\" decoding=\"async\" width=\"837\" height=\"1024\" src=\"https:\/\/frenchiesglobetrotters.com\/wp-content\/uploads\/2025\/08\/IMG_7048-837x1024.jpg\" alt=\"\" class=\"wp-image-4403\" srcset=\"https:\/\/frenchiesglobetrotters.com\/wp-content\/uploads\/2025\/08\/IMG_7048-837x1024.jpg 837w, https:\/\/frenchiesglobetrotters.com\/wp-content\/uploads\/2025\/08\/IMG_7048-245x300.jpg 245w, https:\/\/frenchiesglobetrotters.com\/wp-content\/uploads\/2025\/08\/IMG_7048-768x939.jpg 768w, https:\/\/frenchiesglobetrotters.com\/wp-content\/uploads\/2025\/08\/IMG_7048-500x612.jpg 500w, https:\/\/frenchiesglobetrotters.com\/wp-content\/uploads\/2025\/08\/IMG_7048-800x979.jpg 800w, https:\/\/frenchiesglobetrotters.com\/wp-content\/uploads\/2025\/08\/IMG_7048.jpg 1080w\" sizes=\"auto, (max-width: 837px) 100vw, 837px\" \/><\/figure>\n<\/div>\n<\/div>\n","protected":false},"excerpt":{"rendered":"<p>Hello \u00e0 tous, je suis Sarah\u00a0\ud83d\ude42 Lyonnaise passionn\u00e9e de voyages, j\u2019ai parcouru plusieurs pays au fil des ann\u00e9es, appareil photo \u00e0 la main et carnet de notes jamais bien loin. Ma premi\u00e8re envie a \u00e9t\u00e9 de partager ces moments via Instagram, afin de garder une trace de mes aventures et d\u2019\u00e9changer avec une communaut\u00e9 anim\u00e9e par la m\u00eame passion. Rapidement, j\u2019ai eu envie d\u2019aller plus loin et de cr\u00e9er ce blog, un espace plus personnel et plus complet, o\u00f9 je peux non seulement raconter mes r\u00e9cits de voyage, mais aussi partager mes conseils, astuces et meilleures adresses. Mon objectif est simple : vous inspirer, vous donner des id\u00e9es pour vos prochaines escapades, et pourquoi pas vous aider \u00e0 pr\u00e9parer vos propres aventures autour du monde. J\u2019esp\u00e8re que vous prendrez plaisir \u00e0 voyager \u00e0 travers mes [&hellip;]<\/p>\n","protected":false},"author":1,"featured_media":4406,"parent":0,"menu_order":0,"comment_status":"closed","ping_status":"closed","template":"","meta":{"_monsterinsights_skip_tracking":false,"_monsterinsights_sitenote_active":false,"_monsterinsights_sitenote_note":"","_monsterinsights_sitenote_category":0,"footnotes":""},"class_list":["post-1399","page","type-page","status-publish","has-post-thumbnail","hentry"],"yoast_head":"<!-- This site is optimized with the Yoast SEO plugin v27.4 - https:\/\/yoast.com\/product\/yoast-seo-wordpress\/ -->\n<title>A propos de moi - ReachBeyondTravels - Blog Voyage<\/title>\n<meta name=\"description\" content=\"Hello \u00e0 tous, nous sommes J\u00e9r\u00e9my et Sarah :) Un couple Lyonnais passionn\u00e9s de voyage...Vous l&#039;aurez comprit !\" \/>\n<meta name=\"robots\" content=\"index, follow, max-snippet:-1, max-image-preview:large, max-video-preview:-1\" \/>\n<link rel=\"canonical\" href=\"https:\/\/frenchiesglobetrotters.com\/index.php\/a-propos-de-nous\/\" \/>\n<meta property=\"og:locale\" content=\"fr_FR\" \/>\n<meta property=\"og:type\" content=\"article\" \/>\n<meta property=\"og:title\" content=\"A propos de moi - ReachBeyondTravels - Blog Voyage\" \/>\n<meta property=\"og:description\" content=\"Hello \u00e0 tous, nous sommes J\u00e9r\u00e9my et Sarah :) Un couple Lyonnais passionn\u00e9s de voyage...Vous l&#039;aurez comprit !\" \/>\n<meta property=\"og:url\" content=\"https:\/\/frenchiesglobetrotters.com\/index.php\/a-propos-de-nous\/\" \/>\n<meta property=\"og:site_name\" content=\"ReachBeyondTravels - Blog Voyage\" \/>\n<meta property=\"article:modified_time\" content=\"2025-08-16T21:08:18+00:00\" \/>\n<meta property=\"og:image\" content=\"https:\/\/frenchiesglobetrotters.com\/wp-content\/uploads\/2025\/08\/premium_photo-1754598633370-77e604340c77.jpeg\" \/>\n\t<meta property=\"og:image:width\" content=\"870\" \/>\n\t<meta property=\"og:image:height\" content=\"580\" \/>\n\t<meta property=\"og:image:type\" content=\"image\/jpeg\" \/>\n<meta name=\"twitter:card\" content=\"summary_large_image\" \/>\n<meta name=\"twitter:label1\" content=\"Dur\u00e9e de lecture estim\u00e9e\" \/>\n\t<meta name=\"twitter:data1\" content=\"2 minutes\" \/>\n<script type=\"application\/ld+json\" class=\"yoast-schema-graph\">{\"@context\":\"https:\\\/\\\/schema.org\",\"@graph\":[{\"@type\":\"WebPage\",\"@id\":\"https:\\\/\\\/frenchiesglobetrotters.com\\\/index.php\\\/a-propos-de-nous\\\/\",\"url\":\"https:\\\/\\\/frenchiesglobetrotters.com\\\/index.php\\\/a-propos-de-nous\\\/\",\"name\":\"A propos de moi - ReachBeyondTravels - Blog Voyage\",\"isPartOf\":{\"@id\":\"https:\\\/\\\/frenchiesglobetrotters.com\\\/#website\"},\"primaryImageOfPage\":{\"@id\":\"https:\\\/\\\/frenchiesglobetrotters.com\\\/index.php\\\/a-propos-de-nous\\\/#primaryimage\"},\"image\":{\"@id\":\"https:\\\/\\\/frenchiesglobetrotters.com\\\/index.php\\\/a-propos-de-nous\\\/#primaryimage\"},\"thumbnailUrl\":\"https:\\\/\\\/frenchiesglobetrotters.com\\\/wp-content\\\/uploads\\\/2025\\\/08\\\/premium_photo-1754598633370-77e604340c77.jpeg\",\"datePublished\":\"2019-09-13T05:24:14+00:00\",\"dateModified\":\"2025-08-16T21:08:18+00:00\",\"description\":\"Hello \u00e0 tous, nous sommes J\u00e9r\u00e9my et Sarah :) Un couple Lyonnais passionn\u00e9s de voyage...Vous l'aurez comprit !\",\"breadcrumb\":{\"@id\":\"https:\\\/\\\/frenchiesglobetrotters.com\\\/index.php\\\/a-propos-de-nous\\\/#breadcrumb\"},\"inLanguage\":\"fr-FR\",\"potentialAction\":[{\"@type\":\"ReadAction\",\"target\":[\"https:\\\/\\\/frenchiesglobetrotters.com\\\/index.php\\\/a-propos-de-nous\\\/\"]}]},{\"@type\":\"ImageObject\",\"inLanguage\":\"fr-FR\",\"@id\":\"https:\\\/\\\/frenchiesglobetrotters.com\\\/index.php\\\/a-propos-de-nous\\\/#primaryimage\",\"url\":\"https:\\\/\\\/frenchiesglobetrotters.com\\\/wp-content\\\/uploads\\\/2025\\\/08\\\/premium_photo-1754598633370-77e604340c77.jpeg\",\"contentUrl\":\"https:\\\/\\\/frenchiesglobetrotters.com\\\/wp-content\\\/uploads\\\/2025\\\/08\\\/premium_photo-1754598633370-77e604340c77.jpeg\",\"width\":870,\"height\":580},{\"@type\":\"BreadcrumbList\",\"@id\":\"https:\\\/\\\/frenchiesglobetrotters.com\\\/index.php\\\/a-propos-de-nous\\\/#breadcrumb\",\"itemListElement\":[{\"@type\":\"ListItem\",\"position\":1,\"name\":\"Accueil\",\"item\":\"https:\\\/\\\/frenchiesglobetrotters.com\\\/\"},{\"@type\":\"ListItem\",\"position\":2,\"name\":\"A propos de moi\"}]},{\"@type\":\"WebSite\",\"@id\":\"https:\\\/\\\/frenchiesglobetrotters.com\\\/#website\",\"url\":\"https:\\\/\\\/frenchiesglobetrotters.com\\\/\",\"name\":\"ReachBeyondTravels\",\"description\":\"Blog Voyage &amp; Inspirations\",\"publisher\":{\"@id\":\"https:\\\/\\\/frenchiesglobetrotters.com\\\/#organization\"},\"potentialAction\":[{\"@type\":\"SearchAction\",\"target\":{\"@type\":\"EntryPoint\",\"urlTemplate\":\"https:\\\/\\\/frenchiesglobetrotters.com\\\/?s={search_term_string}\"},\"query-input\":{\"@type\":\"PropertyValueSpecification\",\"valueRequired\":true,\"valueName\":\"search_term_string\"}}],\"inLanguage\":\"fr-FR\"},{\"@type\":\"Organization\",\"@id\":\"https:\\\/\\\/frenchiesglobetrotters.com\\\/#organization\",\"name\":\"ReachBeyondTravels\",\"url\":\"https:\\\/\\\/frenchiesglobetrotters.com\\\/\",\"logo\":{\"@type\":\"ImageObject\",\"inLanguage\":\"fr-FR\",\"@id\":\"https:\\\/\\\/frenchiesglobetrotters.com\\\/#\\\/schema\\\/logo\\\/image\\\/\",\"url\":\"https:\\\/\\\/frenchiesglobetrotters.com\\\/wp-content\\\/uploads\\\/2025\\\/08\\\/Design-sans-titre.png\",\"contentUrl\":\"https:\\\/\\\/frenchiesglobetrotters.com\\\/wp-content\\\/uploads\\\/2025\\\/08\\\/Design-sans-titre.png\",\"width\":800,\"height\":200,\"caption\":\"ReachBeyondTravels\"},\"image\":{\"@id\":\"https:\\\/\\\/frenchiesglobetrotters.com\\\/#\\\/schema\\\/logo\\\/image\\\/\"},\"sameAs\":[\"https:\\\/\\\/www.instagram.com\\\/srhrbt_\\\/\",\"https:\\\/\\\/www.pinterest.fr\\\/reachbeyondtravels\\\/\"]}]}<\/script>\n<!-- \/ Yoast SEO plugin. -->","yoast_head_json":{"title":"A propos de moi - ReachBeyondTravels - Blog Voyage","description":"Hello \u00e0 tous, nous sommes J\u00e9r\u00e9my et Sarah :) Un couple Lyonnais passionn\u00e9s de voyage...Vous l'aurez comprit !","robots":{"index":"index","follow":"follow","max-snippet":"max-snippet:-1","max-image-preview":"max-image-preview:large","max-video-preview":"max-video-preview:-1"},"canonical":"https:\/\/frenchiesglobetrotters.com\/index.php\/a-propos-de-nous\/","og_locale":"fr_FR","og_type":"article","og_title":"A propos de moi - ReachBeyondTravels - Blog Voyage","og_description":"Hello \u00e0 tous, nous sommes J\u00e9r\u00e9my et Sarah :) Un couple Lyonnais passionn\u00e9s de voyage...Vous l'aurez comprit !","og_url":"https:\/\/frenchiesglobetrotters.com\/index.php\/a-propos-de-nous\/","og_site_name":"ReachBeyondTravels - Blog Voyage","article_modified_time":"2025-08-16T21:08:18+00:00","og_image":[{"width":870,"height":580,"url":"https:\/\/frenchiesglobetrotters.com\/wp-content\/uploads\/2025\/08\/premium_photo-1754598633370-77e604340c77.jpeg","type":"image\/jpeg"}],"twitter_card":"summary_large_image","twitter_misc":{"Dur\u00e9e de lecture estim\u00e9e":"2 minutes"},"schema":{"@context":"https:\/\/schema.org","@graph":[{"@type":"WebPage","@id":"https:\/\/frenchiesglobetrotters.com\/index.php\/a-propos-de-nous\/","url":"https:\/\/frenchiesglobetrotters.com\/index.php\/a-propos-de-nous\/","name":"A propos de moi - ReachBeyondTravels - Blog Voyage","isPartOf":{"@id":"https:\/\/frenchiesglobetrotters.com\/#website"},"primaryImageOfPage":{"@id":"https:\/\/frenchiesglobetrotters.com\/index.php\/a-propos-de-nous\/#primaryimage"},"image":{"@id":"https:\/\/frenchiesglobetrotters.com\/index.php\/a-propos-de-nous\/#primaryimage"},"thumbnailUrl":"https:\/\/frenchiesglobetrotters.com\/wp-content\/uploads\/2025\/08\/premium_photo-1754598633370-77e604340c77.jpeg","datePublished":"2019-09-13T05:24:14+00:00","dateModified":"2025-08-16T21:08:18+00:00","description":"Hello \u00e0 tous, nous sommes J\u00e9r\u00e9my et Sarah :) Un couple Lyonnais passionn\u00e9s de voyage...Vous l'aurez comprit !","breadcrumb":{"@id":"https:\/\/frenchiesglobetrotters.com\/index.php\/a-propos-de-nous\/#breadcrumb"},"inLanguage":"fr-FR","potentialAction":[{"@type":"ReadAction","target":["https:\/\/frenchiesglobetrotters.com\/index.php\/a-propos-de-nous\/"]}]},{"@type":"ImageObject","inLanguage":"fr-FR","@id":"https:\/\/frenchiesglobetrotters.com\/index.php\/a-propos-de-nous\/#primaryimage","url":"https:\/\/frenchiesglobetrotters.com\/wp-content\/uploads\/2025\/08\/premium_photo-1754598633370-77e604340c77.jpeg","contentUrl":"https:\/\/frenchiesglobetrotters.com\/wp-content\/uploads\/2025\/08\/premium_photo-1754598633370-77e604340c77.jpeg","width":870,"height":580},{"@type":"BreadcrumbList","@id":"https:\/\/frenchiesglobetrotters.com\/index.php\/a-propos-de-nous\/#breadcrumb","itemListElement":[{"@type":"ListItem","position":1,"name":"Accueil","item":"https:\/\/frenchiesglobetrotters.com\/"},{"@type":"ListItem","position":2,"name":"A propos de moi"}]},{"@type":"WebSite","@id":"https:\/\/frenchiesglobetrotters.com\/#website","url":"https:\/\/frenchiesglobetrotters.com\/","name":"ReachBeyondTravels","description":"Blog Voyage &amp; Inspirations","publisher":{"@id":"https:\/\/frenchiesglobetrotters.com\/#organization"},"potentialAction":[{"@type":"SearchAction","target":{"@type":"EntryPoint","urlTemplate":"https:\/\/frenchiesglobetrotters.com\/?s={search_term_string}"},"query-input":{"@type":"PropertyValueSpecification","valueRequired":true,"valueName":"search_term_string"}}],"inLanguage":"fr-FR"},{"@type":"Organization","@id":"https:\/\/frenchiesglobetrotters.com\/#organization","name":"ReachBeyondTravels","url":"https:\/\/frenchiesglobetrotters.com\/","logo":{"@type":"ImageObject","inLanguage":"fr-FR","@id":"https:\/\/frenchiesglobetrotters.com\/#\/schema\/logo\/image\/","url":"https:\/\/frenchiesglobetrotters.com\/wp-content\/uploads\/2025\/08\/Design-sans-titre.png","contentUrl":"https:\/\/frenchiesglobetrotters.com\/wp-content\/uploads\/2025\/08\/Design-sans-titre.png","width":800,"height":200,"caption":"ReachBeyondTravels"},"image":{"@id":"https:\/\/frenchiesglobetrotters.com\/#\/schema\/logo\/image\/"},"sameAs":["https:\/\/www.instagram.com\/srhrbt_\/","https:\/\/www.pinterest.fr\/reachbeyondtravels\/"]}]}},"_links":{"self":[{"href":"https:\/\/frenchiesglobetrotters.com\/index.php\/wp-json\/wp\/v2\/pages\/1399","targetHints":{"allow":["GET"]}}],"collection":[{"href":"https:\/\/frenchiesglobetrotters.com\/index.php\/wp-json\/wp\/v2\/pages"}],"about":[{"href":"https:\/\/frenchiesglobetrotters.com\/index.php\/wp-json\/wp\/v2\/types\/page"}],"author":[{"embeddable":true,"href":"https:\/\/frenchiesglobetrotters.com\/index.php\/wp-json\/wp\/v2\/users\/1"}],"replies":[{"embeddable":true,"href":"https:\/\/frenchiesglobetrotters.com\/index.php\/wp-json\/wp\/v2\/comments?post=1399"}],"version-history":[{"count":110,"href":"https:\/\/frenchiesglobetrotters.com\/index.php\/wp-json\/wp\/v2\/pages\/1399\/revisions"}],"predecessor-version":[{"id":4407,"href":"https:\/\/frenchiesglobetrotters.com\/index.php\/wp-json\/wp\/v2\/pages\/1399\/revisions\/4407"}],"wp:featuredmedia":[{"embeddable":true,"href":"https:\/\/frenchiesglobetrotters.com\/index.php\/wp-json\/wp\/v2\/media\/4406"}],"wp:attachment":[{"href":"https:\/\/frenchiesglobetrotters.com\/index.php\/wp-json\/wp\/v2\/media?parent=1399"}],"curies":[{"name":"wp","href":"https:\/\/api.w.org\/{rel}","templated":true}]}}